{"id":5,"date":"2018-08-22T12:16:35","date_gmt":"2018-08-22T11:16:35","guid":{"rendered":"https:\/\/goodshoot.es\/?page_id=5"},"modified":"2022-12-07T12:32:20","modified_gmt":"2022-12-07T11:32:20","slug":"home","status":"publish","type":"page","link":"https:\/\/goodshoot.es\/it\/","title":{"rendered":"Home"},"content":{"rendered":"<p><\/p>\n<section class=\"content_center\">\n<h1 class=\"text-align-center\" style=\"padding-top: 20px;\">Sapete perch\u00e9 si dovrebbe usare un calcio Goodshoot?<\/h1>\n<p>Quante volte abbiamo perso il colpo a causa di una cattiva aderenza del fucile al nostro corpo?<\/p>\n<p>Sappiamo che il nostro corpo, oltre a cambiare nel corso degli anni, \u00e8 unico in termini di forma: posizione degli occhi e degli zigomi in faccia, distanza tra il collo e le spalle o la dimensione delle braccia e delle mani.<\/p>\n<p>Tutte queste misure antropometrici devono essere adeguate ad ogni persona per ottenere un colpo preciso.<\/p>\n<p>Stick dal nasello del calcio al nostro viso, ottenendo il fucile \u00e8 completamente regolato al nostro corpo, non solo evita infortuni dall&#8217;impatto del rinculo, ma \u00e8 essenziale per il nostro occhio \u00e8 perfettamente allineato (sia in altezza e prospettiva) con la bindella e il punto di vista. In questo modo otterremo il nostro colpo di andare esattamente dove vogliamo.<\/p>\n<p>Ora, con il calcio <strong>GOODSHOOT,<\/strong> possiamo regolare tutte queste misure in qualsiasi momento e ottenere una regolazione completa.<\/p>\n<div class=\"clear\">\u00a0<\/div>\n<span style=\"display:block;text-align:center\"><a class=\"e-btn\" href=\"https:\/\/goodshoot.es\/it\/configurador\/\">ACQUISTA ORA<\/span><\/a>\n<div class=\"clear padding-px-top-20\">\u00a0<\/div>\n<section class=\"c-videos-home\">\n  <div class=\"container\">\n    <div class=\"c-videos-home__grid\">\n      <div class=\"item\">\n        <div class=\"embed-container 16by9\">\n          <iframe width=\"560\" height=\"315\" src=\"https:\/\/www.youtube.com\/embed\/XqIXpD0mG3I\" title=\"YouTube video player\" frameborder=\"0\" allow=\"accelerometer; autoplay; clipboard-write; encrypted-media; gyroscope; picture-in-picture\" allowfullscreen><\/iframe>\n        <\/div>\n      <\/div>\n      <div class=\"item\">\n        <div class=\"embed-container 16by9\">\n          <iframe width=\"560\" height=\"315\" src=\"https:\/\/www.youtube.com\/embed\/4Gue8DAb1kA\" title=\"YouTube video player\" frameborder=\"0\" allow=\"accelerometer; autoplay; clipboard-write; encrypted-media; gyroscope; picture-in-picture\" allowfullscreen><\/iframe>\n        <\/div>\n      <\/div>\n      <div class=\"item\">\n        <div class=\"embed-container 16by9\">\n          <iframe width=\"560\" height=\"315\" src=\"https:\/\/www.youtube.com\/embed\/iAUEh5rE-S0\" title=\"YouTube video player\" frameborder=\"0\" allow=\"accelerometer; autoplay; clipboard-write; encrypted-media; gyroscope; picture-in-picture\" allowfullscreen><\/iframe>\n        <\/div>\n      <\/div>\n      <!-- <div class=\"item\">\n        <div class=\"embed-container 16by9\">\n          <iframe width=\"560\" height=\"315\" src=\"https:\/\/www.youtube.com\/embed\/QNv8sgUAB6g\" title=\"YouTube video player\" frameborder=\"0\" allow=\"accelerometer; autoplay; clipboard-write; encrypted-media; gyroscope; picture-in-picture\" allowfullscreen><\/iframe>\n        <\/div>\n      <\/div>\n\n      <div class=\"item\">\n        <div class=\"embed-container 16by9\">\n          <iframe width=\"560\" height=\"315\" src=\"https:\/\/www.youtube.com\/embed\/LFIyHu7iZMg\" title=\"YouTube video player\" frameborder=\"0\" allow=\"accelerometer; autoplay; clipboard-write; encrypted-media; gyroscope; picture-in-picture\" allowfullscreen><\/iframe>\n        <\/div>\n      <\/div> -->\n      <div class=\"item\">\n        <div class=\"embed-container 16by9\">\n          <iframe width=\"560\" height=\"315\" src=\"https:\/\/www.youtube.com\/embed\/apXjlMgvxl8\" title=\"YouTube video player\" frameborder=\"0\" allow=\"accelerometer; autoplay; clipboard-write; encrypted-media; gyroscope; picture-in-picture\" allowfullscreen><\/iframe>\n        <\/div>\n      <\/div>\n    <\/div>\n  <\/div>\n<\/section>\n<div class=\"clear\">\u00a0<\/div>\n\n<style type=\"text\/css\">\n  button[type=\"submit\"]:disabled {\n    opacity: .5;\n    cursor: default !important;\n  }\n  .ohnohoney {\n    opacity: 0;\n    position: absolute;\n    top: 0;\n    left: 0;\n    height: 0;\n    width: 0;\n    z-index: -1;\n  }\n<\/style>\n\n\n\t<section class=\"form-contact\" id=\"sec-form\">\n\n\t\t\n\n\t\t<form  method=\"POST\">\n\t\t\t\n\t\t\t<fieldset>\n    \t\t\t\n    \t\t\t<legend><p class=\"text-align-center\">Interessati? Contattarci:<\/p><\/legend>\n\n\t\t\t\t<div class=\"form-contact__container\">\n\n\t\t\t\t\t<div class=\"grid-50\">\n\t\t\t\t\t\t<p>DICCI QUALCOSA DI TE<\/p>\n\t\t\t\t\t\t<label class=\"required\" for=\"inputelement\"><span>Nome<\/span>\n\t\t\t\t\t\t\t<input type=\"text\" name=\"nombre\" placeholder=\"Scrivi il tuo nome qui\n\" required>\n\t\t\t\t\t\t\t<p class=\"atten\">!<\/p>\n\t\t\t\t\t\t<\/label>\n\n\t\t\t\t\t\t<label class=\"required\"><span>Email<\/span>\n\t\t\t\t\t\t\t<input type=\"email\" name=\"email_secure\" placeholder=\"\nla tua email\" required>\n\t\t\t\t\t\t\t<p class=\"atten\">!<\/p>\n\t\t\t\t\t\t<\/label>\n\n\t\t\t\t\t\t<label class=\"required\"><span>Telefono<\/span>\n\t\t\t\t\t\t\t<input type=\"text\" name=\"telefono\" placeholder=\"il tuo numero di telefono\" required>\n\t\t\t\t\t\t\t<p class=\"atten\">!<\/p>\n\t\t\t\t\t\t<\/label>\n\t\t\t\t\t<\/div>\n\n\t\t\t\t\t<div class=\"grid-50\">\n\t\t\t\t\t\t<p>CI VUOI DIRE QUALCOSA?<\/p>\n\t\t\t\t\t\t<label>\n\t\t\t\t\t\t\t<span>Areatexto<\/span>\n\t\t\t\t\t\t\t<textarea name=\"areatexto\"><\/textarea>\n\t\t\t\t\t\t<\/label>\n\n\t\t\t\t\t<\/div>\n\n\t\t\t\t\t<div class=\"grid-100 padding\">\n\t\t\t\t\t\t\n\t\t\t\t\t\t<p>* E POI CI DICONO DOVE CI SCRIVI<\/p>\n\n\t\t\t\t\t\t<label><span>Citt\u00e0<\/span>\n\t\t\t\t\t\t\t<input type=\"text\" name=\"ciudad\" placeholder=\"Scrivi qui la tua citt\u00e0\">\n\t\t\t\t\t\t<\/label>\n\n\t\t\t\t\t\t<label><span>Provincia<\/span>\n\t\t\t\t\t\t\t<input type=\"text\" name=\"provincia\" placeholder=\"E la provincia in cui si vive\">\n\t\t\t\t\t\t<\/label>\n\n\t\t\t\t\t\t<label class=\"required\"><span>Accettare<\/span>\n\n\t\t\t\t\t\t\t<input type=\"checkbox\" required name=\"acepto\">Ho letto e accetto <a href=\"https:\/\/goodshoot.es\/it\/aviso-legal\/\" target=\"_blank\">l'avviso legale<\/a> e la <a href=\"https:\/\/goodshoot.es\/it\/politica-privacidad\/\" target=\"_blank\">politica sulla privacy<\/a>\t\t\t\t\t\t\t<p class=\"atten\">!<\/p>\n\t\t\t\t\t\t<\/label>\n\n\n            <label class=\"ohnohoney\" for=\"email\"><\/label>\n            <input class=\"ohnohoney\" value=\"\" autocomplete=\"nope\" type=\"email\" id=\"email\" name=\"email\" placeholder=\"Your e-mail here\">\n\n\n\t\t\t\t\t\t<label class=\"send\"><span>Invia<\/span>\n\n\t\t\t\t\t\t\t<button disabled  type=\"submit\" id=\"submit\">Invia dati de contatto<\/button>\n\t\t\t\t\t\t\n\t\t\t\t\t\t<\/label>\n\n\t\t\t\t\t<\/div>\n\n\n\n\t\t\t\t<\/div>\n\n\t\t\t<\/fieldset>\n\n\t\t<\/form>\n\n\n<\/section>\n<script>\n  var iTiemHab = 4000;\n  function habilitar() {\n    document.getElementById('submit').disabled = false;\n  }\n  setTimeout('habilitar()', iTiemHab);\n<\/script>\n<\/section>\n<p><\/p>","protected":false},"excerpt":{"rendered":"<p>Sapete perch\u00e9 si dovrebbe usare un calcio Goodshoot? Quante volte abbiamo perso il colpo a causa di una cattiva aderenza del fucile al nostro corpo? Sappiamo che il nostro corpo, oltre a cambiare nel corso degli anni, \u00e8 unico in termini di forma: posizione degli occhi e degli zigomi in faccia, distanza tra il collo [&hellip;]<\/p>\n","protected":false},"author":1,"featured_media":0,"parent":0,"menu_order":1,"comment_status":"closed","ping_status":"closed","template":"","meta":{"_links_to":"","_links_to_target":""},"_links":{"self":[{"href":"https:\/\/goodshoot.es\/it\/wp-json\/wp\/v2\/pages\/5"}],"collection":[{"href":"https:\/\/goodshoot.es\/it\/wp-json\/wp\/v2\/pages"}],"about":[{"href":"https:\/\/goodshoot.es\/it\/wp-json\/wp\/v2\/types\/page"}],"author":[{"embeddable":true,"href":"https:\/\/goodshoot.es\/it\/wp-json\/wp\/v2\/users\/1"}],"replies":[{"embeddable":true,"href":"https:\/\/goodshoot.es\/it\/wp-json\/wp\/v2\/comments?post=5"}],"version-history":[{"count":55,"href":"https:\/\/goodshoot.es\/it\/wp-json\/wp\/v2\/pages\/5\/revisions"}],"predecessor-version":[{"id":951,"href":"https:\/\/goodshoot.es\/it\/wp-json\/wp\/v2\/pages\/5\/revisions\/951"}],"wp:attachment":[{"href":"https:\/\/goodshoot.es\/it\/wp-json\/wp\/v2\/media?parent=5"}],"curies":[{"name":"wp","href":"https:\/\/api.w.org\/{rel}","templated":true}]}}