{"id":70,"date":"2018-08-23T13:44:27","date_gmt":"2018-08-23T12:44:27","guid":{"rendered":"https:\/\/goodshoot.es\/?page_id=70"},"modified":"2022-07-18T23:28:23","modified_gmt":"2022-07-18T22:28:23","slug":"premium-gold","status":"publish","type":"page","link":"https:\/\/goodshoot.es\/fr\/productos\/premium-gold\/","title":{"rendered":"PREMIUM GOLD"},"content":{"rendered":"<p><\/p>\n<div id=\"premium-gold\" class=\"product\">\n<h2 class=\"product__title\"><span class=\"span\"><b class=\"b5\">Pour l<\/b><b class=\"b4\">es<\/b><b class=\"b3\">\u00a0Amo<\/b><b class=\"b2\">ure<\/b><b class=\"b3\">ux d<\/b><b class=\"b4\">e\u00a0<\/b><b class=\"b5\">la Technique<\/b>:<\/span> Mod\u00e8le PREMIUM GOLD<\/h2>\n<ul>\n<li>Mod\u00e8le Premium, diversit\u00e9 de couleurs disponibles, combinez-les!<br \/>\nBusc disponible en bois ou en caoutchouc.<br \/>\nVous choisissez si vous voulez une nouvelle poign\u00e9e ou si vous pr\u00e9f\u00e9rez que nous adaptions la v\u00f4tre.<br \/>\nTous les r\u00e9glages disponibles<br \/>\nNOUVEAU syst\u00e8me anti-recul pour une plus grande stabilit\u00e9 de l&rsquo;arme.<img decoding=\"async\" loading=\"lazy\" class=\"alignnone wp-image-157\" src=\"https:\/\/goodshoot.es\/wp-content\/uploads\/2018\/09\/2-orm1.jpg\" alt=\"\" width=\"999\" height=\"397\" srcset=\"https:\/\/goodshoot.es\/wp-content\/uploads\/2018\/09\/2-orm1.jpg 1200w, https:\/\/goodshoot.es\/wp-content\/uploads\/2018\/09\/2-orm1-600x239.jpg 600w, https:\/\/goodshoot.es\/wp-content\/uploads\/2018\/09\/2-orm1-300x119.jpg 300w, https:\/\/goodshoot.es\/wp-content\/uploads\/2018\/09\/2-orm1-768x305.jpg 768w, https:\/\/goodshoot.es\/wp-content\/uploads\/2018\/09\/2-orm1-1024x407.jpg 1024w\" sizes=\"(max-width: 999px) 100vw, 999px\" \/><\/li>\n<\/ul>\n<\/div>\n<p><\/p>","protected":false},"excerpt":{"rendered":"<p>Pour les\u00a0Amoureux de\u00a0la Technique: Mod\u00e8le PREMIUM GOLD Mod\u00e8le Premium, diversit\u00e9 de couleurs disponibles, combinez-les! Busc disponible en bois ou en caoutchouc. Vous choisissez si vous voulez une nouvelle poign\u00e9e ou si vous pr\u00e9f\u00e9rez que nous adaptions la v\u00f4tre. Tous les r\u00e9glages disponibles NOUVEAU syst\u00e8me anti-recul pour une plus grande stabilit\u00e9 de l&rsquo;arme.<\/p>\n","protected":false},"author":1,"featured_media":0,"parent":7,"menu_order":6,"comment_status":"closed","ping_status":"closed","template":"producto.php","meta":{"_links_to":"","_links_to_target":""},"_links":{"self":[{"href":"https:\/\/goodshoot.es\/fr\/wp-json\/wp\/v2\/pages\/70"}],"collection":[{"href":"https:\/\/goodshoot.es\/fr\/wp-json\/wp\/v2\/pages"}],"about":[{"href":"https:\/\/goodshoot.es\/fr\/wp-json\/wp\/v2\/types\/page"}],"author":[{"embeddable":true,"href":"https:\/\/goodshoot.es\/fr\/wp-json\/wp\/v2\/users\/1"}],"replies":[{"embeddable":true,"href":"https:\/\/goodshoot.es\/fr\/wp-json\/wp\/v2\/comments?post=70"}],"version-history":[{"count":27,"href":"https:\/\/goodshoot.es\/fr\/wp-json\/wp\/v2\/pages\/70\/revisions"}],"predecessor-version":[{"id":482,"href":"https:\/\/goodshoot.es\/fr\/wp-json\/wp\/v2\/pages\/70\/revisions\/482"}],"up":[{"embeddable":true,"href":"https:\/\/goodshoot.es\/fr\/wp-json\/wp\/v2\/pages\/7"}],"wp:attachment":[{"href":"https:\/\/goodshoot.es\/fr\/wp-json\/wp\/v2\/media?parent=70"}],"curies":[{"name":"wp","href":"https:\/\/api.w.org\/{rel}","templated":true}]}}