{"id":68,"date":"2018-08-23T13:43:37","date_gmt":"2018-08-23T12:43:37","guid":{"rendered":"https:\/\/goodshoot.es\/?page_id=68"},"modified":"2018-11-08T10:53:37","modified_gmt":"2018-11-08T09:53:37","slug":"profesional-team","status":"publish","type":"page","link":"https:\/\/goodshoot.es\/fr\/productos\/profesional-team\/","title":{"rendered":"PROFESSIONAL TEAM"},"content":{"rendered":"<p><\/p>\n<div id=\"professional-team\" class=\"product\">\n<h2 class=\"product__title\"><span class=\"span\">Pour les Plus Innovants:<\/span> Mod\u00e8le PROFESSIONAL TEAM<\/h2>\n<p>Mod\u00e8le complet, diversit\u00e9 de couleurs disponibles, combinez-les!<br \/>\nVous choisissez si vous voulez une nouvelle poign\u00e9e ou si vous pr\u00e9f\u00e9rez que nous adaptions la v\u00f4tre.<br \/>\nTous les r\u00e9glages disponibles<\/p>\n<ul>\n<li><\/li>\n<\/ul>\n<div class=\"flex\">\n<div><img decoding=\"async\" loading=\"lazy\" class=\"alignnone wp-image-176 \" src=\"https:\/\/goodshoot.es\/wp-content\/uploads\/2018\/09\/c-amn1-1024x636.jpg\" alt=\"\" width=\"472\" height=\"293\" srcset=\"https:\/\/goodshoot.es\/wp-content\/uploads\/2018\/09\/c-amn1-1024x636.jpg 1024w, https:\/\/goodshoot.es\/wp-content\/uploads\/2018\/09\/c-amn1-600x373.jpg 600w, https:\/\/goodshoot.es\/wp-content\/uploads\/2018\/09\/c-amn1-300x186.jpg 300w, https:\/\/goodshoot.es\/wp-content\/uploads\/2018\/09\/c-amn1-768x477.jpg 768w, https:\/\/goodshoot.es\/wp-content\/uploads\/2018\/09\/c-amn1.jpg 1200w\" sizes=\"(max-width: 472px) 100vw, 472px\" \/><\/div>\n<div><img decoding=\"async\" loading=\"lazy\" class=\"alignnone wp-image-159\" src=\"https:\/\/goodshoot.es\/wp-content\/uploads\/2018\/09\/fcg1-1024x407.jpg\" alt=\"\" width=\"736\" height=\"293\" srcset=\"https:\/\/goodshoot.es\/wp-content\/uploads\/2018\/09\/fcg1-1024x407.jpg 1024w, https:\/\/goodshoot.es\/wp-content\/uploads\/2018\/09\/fcg1-600x239.jpg 600w, https:\/\/goodshoot.es\/wp-content\/uploads\/2018\/09\/fcg1-300x119.jpg 300w, https:\/\/goodshoot.es\/wp-content\/uploads\/2018\/09\/fcg1-768x305.jpg 768w, https:\/\/goodshoot.es\/wp-content\/uploads\/2018\/09\/fcg1.jpg 1200w\" sizes=\"(max-width: 736px) 100vw, 736px\" \/><\/div>\n<\/div>\n<\/div>\n<p><\/p>","protected":false},"excerpt":{"rendered":"<p>Pour les Plus Innovants: Mod\u00e8le PROFESSIONAL TEAM Mod\u00e8le complet, diversit\u00e9 de couleurs disponibles, combinez-les! Vous choisissez si vous voulez une nouvelle poign\u00e9e ou si vous pr\u00e9f\u00e9rez que nous adaptions la v\u00f4tre. Tous les r\u00e9glages disponibles<\/p>\n","protected":false},"author":1,"featured_media":0,"parent":7,"menu_order":4,"comment_status":"closed","ping_status":"closed","template":"producto.php","meta":{"_links_to":"","_links_to_target":""},"_links":{"self":[{"href":"https:\/\/goodshoot.es\/fr\/wp-json\/wp\/v2\/pages\/68"}],"collection":[{"href":"https:\/\/goodshoot.es\/fr\/wp-json\/wp\/v2\/pages"}],"about":[{"href":"https:\/\/goodshoot.es\/fr\/wp-json\/wp\/v2\/types\/page"}],"author":[{"embeddable":true,"href":"https:\/\/goodshoot.es\/fr\/wp-json\/wp\/v2\/users\/1"}],"replies":[{"embeddable":true,"href":"https:\/\/goodshoot.es\/fr\/wp-json\/wp\/v2\/comments?post=68"}],"version-history":[{"count":29,"href":"https:\/\/goodshoot.es\/fr\/wp-json\/wp\/v2\/pages\/68\/revisions"}],"predecessor-version":[{"id":431,"href":"https:\/\/goodshoot.es\/fr\/wp-json\/wp\/v2\/pages\/68\/revisions\/431"}],"up":[{"embeddable":true,"href":"https:\/\/goodshoot.es\/fr\/wp-json\/wp\/v2\/pages\/7"}],"wp:attachment":[{"href":"https:\/\/goodshoot.es\/fr\/wp-json\/wp\/v2\/media?parent=68"}],"curies":[{"name":"wp","href":"https:\/\/api.w.org\/{rel}","templated":true}]}}