{"id":522,"date":"2022-10-21T08:54:27","date_gmt":"2022-10-21T07:54:27","guid":{"rendered":"https:\/\/goodshoot.es\/?page_id=522"},"modified":"2022-12-07T12:38:04","modified_gmt":"2022-12-07T11:38:04","slug":"gun-cleaner-world","status":"publish","type":"page","link":"https:\/\/goodshoot.es\/fr\/productos\/gun-cleaner-world\/","title":{"rendered":"Gun Cleaner World"},"content":{"rendered":"<p><\/p>\n<div id=\"gun-cleaner-world\" class=\"product\">\n<div class=\"e-responsive-image-vertical\"><img decoding=\"async\" loading=\"lazy\" class= wp-image-533\" src=\"https:\/\/goodshoot.es\/wp-content\/uploads\/2022\/10\/producto-gun-cleaner-world.jpg\" alt=\"\" width=\"420\" height=\"808\" \/><\/div>\n<h2 class=\"product__title\">Gun Cleaner World\u00a0 <span style=\"font-size: .6em;\">(Le monde du nettoyage d&rsquo;armes \u00e0 feu.)<\/span><br \/>\nPourquoi Gun Cleaner World ?<\/h2>\n<ul>\n<li>Combien de fois devons-nous nettoyer nos armes avec des produits qui en r\u00e9alit\u00e9 ne sont pas performants ou alors beaucoup trop corrosifs, transformant donc une t\u00e2che simple et rapide en quelque chose de lent et difficile?<\/li>\n<li>Nous savons que nos armes se salissent \u00e0 l&rsquo;usage, que les nettoyer prolonge leur dur\u00e9e de vie ainsi que leurs excellentes perfomances.<\/li>\n<li>L&rsquo;\u00e9quipe Gun Cleaner World &amp; Good shoot s&rsquo;est mise au travail pour cr\u00e9er un nouveau concept de nettoyage et d&rsquo;entretien de votre arme.<\/li>\n<li><strong>Comment fonctionne Gun Cleaner World?<\/strong><br \/>\nC&rsquo;est un m\u00e9lange d&rsquo;huiles min\u00e9rales et de bases silicones qui lubrifient et prot\u00e8gent gr\u00e2ce \u00e0 la pose d&rsquo;un film hydrofuge.<br \/>\nIl int\u00e8gre \u00e9galement des compos\u00e9s volatils qui vont d\u00e9sincruster et \u00e9liminer la poudre, la rouille ainsi que les m\u00e9taux coll\u00e9s.<\/li>\n<\/ul>\n<h3>Nettoyage:<\/h3>\n<ul>\n<li>Pulv\u00e9riser la zone \u00e0 nettoyer en laissant agir 15 minutes afin de bien \u00e9liminer \u00e0 la fois les residus de poudre, la graisse, le plomb ainsi que tous les fines particules m\u00e9talliques.<\/li>\n<li>Utiliser un chiffon en coton sur les surfaces lisses, pour les canons et les chokes nettoyez avec une brosse m\u00e9tallique. Pour une meilleure finition, utilisez une brosse molletonn\u00e9e.<\/li>\n<li>Pour les parties en mousse, caoutchouc, silicone et bois, passer simplement un chiffon doux en coton. Pour les zones de grips en bois, aidez d&rsquo;une brosse classique.<\/li>\n<li>Utilisation facile et rapidit\u00e9 d&rsquo;application<\/li>\n<\/ul>\n<h3>Graissage:<\/h3>\n<ul>\n<li>En appliquant ce produit vous cr\u00e9ez un film qui graisse toutes les zones mobiles garantissant la sauvegarde de leurs hautes performances.<\/li>\n<\/ul>\n<h3>Traitement contre l&rsquo;humidit\u00e9:<\/h3>\n<ul>\n<li>L&rsquo;application du film lors du graissage va cr\u00e9er, lors de son s\u00e9chage, une hydofugation et donc prot\u00e9ger contre l&rsquo;oxydation et la d\u00e9t\u00e9rioration de votre arme.<\/li>\n<\/ul>\n<p>&nbsp;<\/p>\n<p><img decoding=\"async\" loading=\"lazy\" class=\"wp-image-524 alignnone\" src=\"https:\/\/goodshoot.es\/wp-content\/uploads\/2022\/10\/gun-cleaner-world-logo-picto.png\" alt=\"\" width=\"434\" height=\"443\" \/><\/p>\n<\/div>\n<p><\/p>","protected":false},"excerpt":{"rendered":"","protected":false},"author":1,"featured_media":0,"parent":7,"menu_order":9,"comment_status":"closed","ping_status":"closed","template":"producto.php","meta":{"_links_to":"","_links_to_target":""},"_links":{"self":[{"href":"https:\/\/goodshoot.es\/fr\/wp-json\/wp\/v2\/pages\/522"}],"collection":[{"href":"https:\/\/goodshoot.es\/fr\/wp-json\/wp\/v2\/pages"}],"about":[{"href":"https:\/\/goodshoot.es\/fr\/wp-json\/wp\/v2\/types\/page"}],"author":[{"embeddable":true,"href":"https:\/\/goodshoot.es\/fr\/wp-json\/wp\/v2\/users\/1"}],"replies":[{"embeddable":true,"href":"https:\/\/goodshoot.es\/fr\/wp-json\/wp\/v2\/comments?post=522"}],"version-history":[{"count":22,"href":"https:\/\/goodshoot.es\/fr\/wp-json\/wp\/v2\/pages\/522\/revisions"}],"predecessor-version":[{"id":955,"href":"https:\/\/goodshoot.es\/fr\/wp-json\/wp\/v2\/pages\/522\/revisions\/955"}],"up":[{"embeddable":true,"href":"https:\/\/goodshoot.es\/fr\/wp-json\/wp\/v2\/pages\/7"}],"wp:attachment":[{"href":"https:\/\/goodshoot.es\/fr\/wp-json\/wp\/v2\/media?parent=522"}],"curies":[{"name":"wp","href":"https:\/\/api.w.org\/{rel}","templated":true}]}}