{"id":514,"date":"2022-08-17T17:29:50","date_gmt":"2022-08-17T16:29:50","guid":{"rendered":"https:\/\/goodshoot.es\/?page_id=514"},"modified":"2022-08-17T23:16:56","modified_gmt":"2022-08-17T22:16:56","slug":"expert","status":"publish","type":"page","link":"https:\/\/goodshoot.es\/fr\/productos\/expert\/","title":{"rendered":"EXPERT"},"content":{"rendered":"<p><\/p>\n<div id=\"professional-team\" class=\"product\">\n<h2 class=\"product__title\"><span class=\"span\">Pour les Plus Innovants:<\/span> Mod\u00e8le EXPERT<\/h2>\n<p>Mod\u00e8le complet, diversit\u00e9 de couleurs disponibles, combinez-les!<br \/>\nVous choisissez si vous voulez une nouvelle poign\u00e9e ou si vous pr\u00e9f\u00e9rez que nous adaptions la v\u00f4tre.<br \/>\nTous les r\u00e9glages disponibles<\/p>\n<p>&nbsp;<\/p>\n<div class=\"flex\">\n<div><\/div>\n<div><\/div>\n<\/div>\n<\/div>\n<p><\/p>","protected":false},"excerpt":{"rendered":"<p>Pour les Plus Innovants: Mod\u00e8le EXPERT Mod\u00e8le complet, diversit\u00e9 de couleurs disponibles, combinez-les! Vous choisissez si vous voulez une nouvelle poign\u00e9e ou si vous pr\u00e9f\u00e9rez que nous adaptions la v\u00f4tre. Tous les r\u00e9glages disponibles &nbsp;<\/p>\n","protected":false},"author":1,"featured_media":0,"parent":7,"menu_order":5,"comment_status":"closed","ping_status":"closed","template":"producto.php","meta":{"_links_to":"","_links_to_target":""},"_links":{"self":[{"href":"https:\/\/goodshoot.es\/fr\/wp-json\/wp\/v2\/pages\/514"}],"collection":[{"href":"https:\/\/goodshoot.es\/fr\/wp-json\/wp\/v2\/pages"}],"about":[{"href":"https:\/\/goodshoot.es\/fr\/wp-json\/wp\/v2\/types\/page"}],"author":[{"embeddable":true,"href":"https:\/\/goodshoot.es\/fr\/wp-json\/wp\/v2\/users\/1"}],"replies":[{"embeddable":true,"href":"https:\/\/goodshoot.es\/fr\/wp-json\/wp\/v2\/comments?post=514"}],"version-history":[{"count":3,"href":"https:\/\/goodshoot.es\/fr\/wp-json\/wp\/v2\/pages\/514\/revisions"}],"predecessor-version":[{"id":520,"href":"https:\/\/goodshoot.es\/fr\/wp-json\/wp\/v2\/pages\/514\/revisions\/520"}],"up":[{"embeddable":true,"href":"https:\/\/goodshoot.es\/fr\/wp-json\/wp\/v2\/pages\/7"}],"wp:attachment":[{"href":"https:\/\/goodshoot.es\/fr\/wp-json\/wp\/v2\/media?parent=514"}],"curies":[{"name":"wp","href":"https:\/\/api.w.org\/{rel}","templated":true}]}}