{"id":5,"date":"2018-08-22T12:16:35","date_gmt":"2018-08-22T11:16:35","guid":{"rendered":"https:\/\/goodshoot.es\/?page_id=5"},"modified":"2022-12-07T12:32:20","modified_gmt":"2022-12-07T11:32:20","slug":"home","status":"publish","type":"page","link":"https:\/\/goodshoot.es\/fr\/","title":{"rendered":"Home"},"content":{"rendered":"<p><\/p>\n<section class=\"content_center\">\n<h1 class=\"text-align-center\" style=\"padding-top: 20px;\">Savez-vous pourquoi vous devriez utiliser une crosse Goodshoot?<\/h1>\n<p>Combien de fois avons-nous rat\u00e9 un tir \u00e0 cause d\u2019un mauvais ajustement du fusil \u00e0 notre corps?<\/p>\n<p>C\u2019est bien connu que notre corps, en plus de changer au fil des ans, est unique dans la forme: la position\u00a0des yeux et des pommettes du visage, la distance entre le cou et les \u00e9paules ou la taille des bras\u00a0et des mains.<\/p>\n<p>Toutes ces mesures anthropom\u00e9triques doivent \u00eatre ajust\u00e9es \u00e0 chaque personne pour obtenir un tir\u00a0pr\u00e9cis.<\/p>\n<p>En pla\u00e7ant votre joue sur le busc, pour obtenir un ajustement complet \u00e0 votre corps, non seulement\u00a0\u00e9vite les blessures par l\u2019impact du recul, mais il est essentiel que vos yeux soient parfaitement align\u00e9s\u00a0(en hauteur et en perspective) avec le but\u00e9e viseur et le point de mire du fusil. De cette fa\u00e7on, votre<br \/>\ntir ira exactement o\u00f9 vous voulez.<\/p>\n<div class=\"clear\">\u00a0<\/div>\n<span style=\"display:block;text-align:center\"><a class=\"e-btn\" href=\"https:\/\/goodshoot.es\/fr\/configurador\/\">ACHETER MAINTENANT<\/span><\/a>\n<div class=\"clear padding-px-top-20\">\u00a0<\/div>\n<section class=\"c-videos-home\">\n  <div class=\"container\">\n    <div class=\"c-videos-home__grid\">\n      <div class=\"item\">\n        <div class=\"embed-container 16by9\">\n          <iframe width=\"560\" height=\"315\" src=\"https:\/\/www.youtube.com\/embed\/XqIXpD0mG3I\" title=\"YouTube video player\" frameborder=\"0\" allow=\"accelerometer; autoplay; clipboard-write; encrypted-media; gyroscope; picture-in-picture\" allowfullscreen><\/iframe>\n        <\/div>\n      <\/div>\n      <div class=\"item\">\n        <div class=\"embed-container 16by9\">\n          <iframe width=\"560\" height=\"315\" src=\"https:\/\/www.youtube.com\/embed\/4Gue8DAb1kA\" title=\"YouTube video player\" frameborder=\"0\" allow=\"accelerometer; autoplay; clipboard-write; encrypted-media; gyroscope; picture-in-picture\" allowfullscreen><\/iframe>\n        <\/div>\n      <\/div>\n      <div class=\"item\">\n        <div class=\"embed-container 16by9\">\n          <iframe width=\"560\" height=\"315\" src=\"https:\/\/www.youtube.com\/embed\/iAUEh5rE-S0\" title=\"YouTube video player\" frameborder=\"0\" allow=\"accelerometer; autoplay; clipboard-write; encrypted-media; gyroscope; picture-in-picture\" allowfullscreen><\/iframe>\n        <\/div>\n      <\/div>\n      <!-- <div class=\"item\">\n        <div class=\"embed-container 16by9\">\n          <iframe width=\"560\" height=\"315\" src=\"https:\/\/www.youtube.com\/embed\/QNv8sgUAB6g\" title=\"YouTube video player\" frameborder=\"0\" allow=\"accelerometer; autoplay; clipboard-write; encrypted-media; gyroscope; picture-in-picture\" allowfullscreen><\/iframe>\n        <\/div>\n      <\/div>\n\n      <div class=\"item\">\n        <div class=\"embed-container 16by9\">\n          <iframe width=\"560\" height=\"315\" src=\"https:\/\/www.youtube.com\/embed\/LFIyHu7iZMg\" title=\"YouTube video player\" frameborder=\"0\" allow=\"accelerometer; autoplay; clipboard-write; encrypted-media; gyroscope; picture-in-picture\" allowfullscreen><\/iframe>\n        <\/div>\n      <\/div> -->\n      <div class=\"item\">\n        <div class=\"embed-container 16by9\">\n          <iframe width=\"560\" height=\"315\" src=\"https:\/\/www.youtube.com\/embed\/apXjlMgvxl8\" title=\"YouTube video player\" frameborder=\"0\" allow=\"accelerometer; autoplay; clipboard-write; encrypted-media; gyroscope; picture-in-picture\" allowfullscreen><\/iframe>\n        <\/div>\n      <\/div>\n    <\/div>\n  <\/div>\n<\/section>\n<div class=\"clear\">\u00a0<\/div>\n\n<style type=\"text\/css\">\n  button[type=\"submit\"]:disabled {\n    opacity: .5;\n    cursor: default !important;\n  }\n  .ohnohoney {\n    opacity: 0;\n    position: absolute;\n    top: 0;\n    left: 0;\n    height: 0;\n    width: 0;\n    z-index: -1;\n  }\n<\/style>\n\n\n\t<section class=\"form-contact\" id=\"sec-form\">\n\n\t\t\n\n\t\t<form  method=\"POST\">\n\t\t\t\n\t\t\t<fieldset>\n    \t\t\t\n    \t\t\t<legend><p class=\"text-align-center\">Int\u00e9ress\u00e9? Contactez-nous:<\/p><\/legend>\n\n\t\t\t\t<div class=\"form-contact__container\">\n\n\t\t\t\t\t<div class=\"grid-50\">\n\t\t\t\t\t\t<p>PARLEZ-NOUS DE VOUS...<\/p>\n\t\t\t\t\t\t<label class=\"required\" for=\"inputelement\"><span>Nom<\/span>\n\t\t\t\t\t\t\t<input type=\"text\" name=\"nombre\" placeholder=\"\u00e9crivez ici votre nom\" required>\n\t\t\t\t\t\t\t<p class=\"atten\">!<\/p>\n\t\t\t\t\t\t<\/label>\n\n\t\t\t\t\t\t<label class=\"required\"><span>Email<\/span>\n\t\t\t\t\t\t\t<input type=\"email\" name=\"email_secure\" placeholder=\"Votre Email\" required>\n\t\t\t\t\t\t\t<p class=\"atten\">!<\/p>\n\t\t\t\t\t\t<\/label>\n\n\t\t\t\t\t\t<label class=\"required\"><span>T\u00e9l\u00e9phone<\/span>\n\t\t\t\t\t\t\t<input type=\"text\" name=\"telefono\" placeholder=\"Votre num\u00e9ro de t\u00e9l\u00e9phone\" required>\n\t\t\t\t\t\t\t<p class=\"atten\">!<\/p>\n\t\t\t\t\t\t<\/label>\n\t\t\t\t\t<\/div>\n\n\t\t\t\t\t<div class=\"grid-50\">\n\t\t\t\t\t\t<p>VOULEZ-VOUS DIRE QUELQUE CHOSE?<\/p>\n\t\t\t\t\t\t<label>\n\t\t\t\t\t\t\t<span>zonedetexte<\/span>\n\t\t\t\t\t\t\t<textarea name=\"areatexto\"><\/textarea>\n\t\t\t\t\t\t<\/label>\n\n\t\t\t\t\t<\/div>\n\n\t\t\t\t\t<div class=\"grid-100 padding\">\n\t\t\t\t\t\t\n\t\t\t\t\t\t<p>*  INDIQUEZ-NOUS D'O\u00d9 VOUS \u00c9CRIVEZ...<\/p>\n\n\t\t\t\t\t\t<label><span>Ville<\/span>\n\t\t\t\t\t\t\t<input type=\"text\" name=\"ciudad\" placeholder=\"\u00e9crivez ici votre ville\">\n\t\t\t\t\t\t<\/label>\n\n\t\t\t\t\t\t<label><span>Province<\/span>\n\t\t\t\t\t\t\t<input type=\"text\" name=\"provincia\" placeholder=\"et la province o\u00f9 vous habitez\">\n\t\t\t\t\t\t<\/label>\n\n\t\t\t\t\t\t<label class=\"required\"><span>Accepter<\/span>\n\n\t\t\t\t\t\t\t<input type=\"checkbox\" required name=\"acepto\">J'ai lu et j'accepte les <a href=\"https:\/\/goodshoot.es\/fr\/aviso-legal\/\" target=\"_blank\">mentions l\u00e9gales<\/a> et la <a href=\"https:\/\/goodshoot.es\/fr\/politica-privacidad\/\" target=\"_blank\">politique de confidentialit\u00e9<\/a>\t\t\t\t\t\t\t<p class=\"atten\">!<\/p>\n\t\t\t\t\t\t<\/label>\n\n\n            <label class=\"ohnohoney\" for=\"email\"><\/label>\n            <input class=\"ohnohoney\" value=\"\" autocomplete=\"nope\" type=\"email\" id=\"email\" name=\"email\" placeholder=\"Your e-mail here\">\n\n\n\t\t\t\t\t\t<label class=\"send\"><span>Envoyer<\/span>\n\n\t\t\t\t\t\t\t<button disabled  type=\"submit\" id=\"submit\">Envoyer des informations de contact<\/button>\n\t\t\t\t\t\t\n\t\t\t\t\t\t<\/label>\n\n\t\t\t\t\t<\/div>\n\n\n\n\t\t\t\t<\/div>\n\n\t\t\t<\/fieldset>\n\n\t\t<\/form>\n\n\n<\/section>\n<script>\n  var iTiemHab = 4000;\n  function habilitar() {\n    document.getElementById('submit').disabled = false;\n  }\n  setTimeout('habilitar()', iTiemHab);\n<\/script>\n<\/section>\n<p><\/p>","protected":false},"excerpt":{"rendered":"<p>Savez-vous pourquoi vous devriez utiliser une crosse Goodshoot? Combien de fois avons-nous rat\u00e9 un tir \u00e0 cause d\u2019un mauvais ajustement du fusil \u00e0 notre corps? C\u2019est bien connu que notre corps, en plus de changer au fil des ans, est unique dans la forme: la position\u00a0des yeux et des pommettes du visage, la distance entre [&hellip;]<\/p>\n","protected":false},"author":1,"featured_media":0,"parent":0,"menu_order":1,"comment_status":"closed","ping_status":"closed","template":"","meta":{"_links_to":"","_links_to_target":""},"_links":{"self":[{"href":"https:\/\/goodshoot.es\/fr\/wp-json\/wp\/v2\/pages\/5"}],"collection":[{"href":"https:\/\/goodshoot.es\/fr\/wp-json\/wp\/v2\/pages"}],"about":[{"href":"https:\/\/goodshoot.es\/fr\/wp-json\/wp\/v2\/types\/page"}],"author":[{"embeddable":true,"href":"https:\/\/goodshoot.es\/fr\/wp-json\/wp\/v2\/users\/1"}],"replies":[{"embeddable":true,"href":"https:\/\/goodshoot.es\/fr\/wp-json\/wp\/v2\/comments?post=5"}],"version-history":[{"count":55,"href":"https:\/\/goodshoot.es\/fr\/wp-json\/wp\/v2\/pages\/5\/revisions"}],"predecessor-version":[{"id":951,"href":"https:\/\/goodshoot.es\/fr\/wp-json\/wp\/v2\/pages\/5\/revisions\/951"}],"wp:attachment":[{"href":"https:\/\/goodshoot.es\/fr\/wp-json\/wp\/v2\/media?parent=5"}],"curies":[{"name":"wp","href":"https:\/\/api.w.org\/{rel}","templated":true}]}}