{"id":3,"date":"2018-08-22T09:12:56","date_gmt":"2018-08-22T08:12:56","guid":{"rendered":"https:\/\/goodshoot.es\/?page_id=3"},"modified":"2022-12-07T12:45:42","modified_gmt":"2022-12-07T11:45:42","slug":"politica-privacidad","status":"publish","type":"page","link":"https:\/\/goodshoot.es\/fr\/politica-privacidad\/","title":{"rendered":"Politique de Confidentialit\u00e9"},"content":{"rendered":"<p><\/p>\n<h2><span class=\"\">1. INFORMATIONS UTILISATEUR<\/span><\/h2>\n<p><strong>JUAN MIQUEL PEREZ<\/strong>, ci-apr\u00e8s RESPONSABLE, est responsable du traitement des donn\u00e9es personnelles des utilisateurs et vous informe que ces donn\u00e9es seront trait\u00e9es conform\u00e9ment aux dispositions du r\u00e8glement en mati\u00e8re de protection de la force des donn\u00e9es personnelles, le r\u00e8glement (UE) 2016\/679 du 27 Avril 2016 (GDPR) sur la protection des personnes physiques \u00e0 l&rsquo;\u00e9gard du traitement des donn\u00e9es \u00e0 caract\u00e8re personnel et \u00e0 la libre circulation de ces donn\u00e9es, il facilite le traitement des informations suivantes:<\/p>\n<p><strong>Fin du traitement<\/strong>\u00a0: maintenir une relation d&rsquo;affaires avec l&rsquo;utilisateur.\u00a0Op\u00e9rations pr\u00e9vues pour le\u00a0traitement sont les suivants\u00a0:<\/p>\n<p>1.Remise de communications commerciales, aussi longtemps que vous avez d\u00e9j\u00e0 autoris\u00e9, par e-mail, fax, SMS, MMS, r\u00e9seaux sociaux ou tout autre \u00e9lectronique ou physique, pr\u00e9sent ou futur, ce qui permet des communications commerciales.\u00a0Ces communications seront faites par le RESPONSABLE et li\u00e9 \u00e0 ses produits et services, ou ses employ\u00e9s ou fournisseurs avec lesquels il a conclu un accord pour la promotion.\u00a0<span class=\"\">Dans ce cas, les tiers ne pourront jamais avoir acc\u00e8s aux donn\u00e9es personnelles.<\/span><\/p>\n<p>2.Les \u00e9tudes statistiques.<\/p>\n<p>3.Pour traiter les commandes, demandes ou tout type de demande est faite par l&rsquo;utilisateur via toute forme de contact qui est mis \u00e0 disposition.<\/p>\n<p>4.Transf\u00e9rer le bulletin d&rsquo;information sur le site.<\/p>\n<p>5.Donn\u00e9es sur les crit\u00e8res de conservation: seront conserv\u00e9s aussi longtemps que il y a un int\u00e9r\u00eat commun pour maintenir la fin du traitement lorsqu&rsquo;elles ne sont plus n\u00e9cessaires \u00e0 cette fin sont supprim\u00e9s par des mesures de s\u00e9curit\u00e9 appropri\u00e9es pour assurer des donn\u00e9es de pseudonymisation ou la destruction totale de eux-m\u00eames.<\/p>\n<p><strong>Communication des donn\u00e9es<\/strong>\u00a0: les\u00a0donn\u00e9es ne sont pas communiqu\u00e9es \u00e0 des\u00a0tiers ,\u00a0sauf obligation l\u00e9gale.<\/p>\n<p><strong>Droits pour aider l&rsquo;utilisateur<\/strong>\u00a0:<\/p>\n<ul>\n<li>Droit de retirer son consentement \u00e0 tout moment.<\/li>\n<li>Droit d&rsquo;acc\u00e8s, de rectification, de portabilit\u00e9 et de suppression des donn\u00e9es et la limitation ou l&rsquo;opposition \u00e0 leur traitement.<\/li>\n<li>Le droit de d\u00e9poser une plainte aupr\u00e8s de l&rsquo;autorit\u00e9 de contr\u00f4le (www.aepd.es) si elle estime que le traitement ne se conforme pas aux r\u00e9glementations en vigueur.<\/li>\n<li><\/li>\n<\/ul>\n<p><strong>Contactez l&rsquo;exercice de\u00a0leurs droits:<\/strong><\/p>\n<p><strong>GOODSHOOT &#8211;\u00a0JUAN MIQUEL PEREZ<\/strong><br \/>\nAdresse: Avinguda Balears, 53, 17220 ,Sant Feliu de Gu\u00edxols (Girona)<br \/>\nEmail: goodshoot@goodshoot.es<\/p>\n<h2>2. NATURE OBLIGATOIRE AU DE L&rsquo;INFORMATION FOURNIS PAR L&rsquo;UTILISATEUR<\/h2>\n<p>Les utilisateurs, en cochant les champs de saisie cases appropri\u00e9es et les donn\u00e9es marqu\u00e9es d&rsquo;un ast\u00e9risque (*) dans le formulaire de contact ou pr\u00e9sent\u00e9es sous forme t\u00e9l\u00e9charger express\u00e9ment et librement et sans \u00e9quivoque accepter que leurs donn\u00e9es sont n\u00e9cessaire pour r\u00e9pondre \u00e0 votre demande, par le<span class=\"\"> RESPONSABLE\u00a0<\/span>, est l&rsquo;inclusion volontaire de donn\u00e9es dans les autres champs.\u00a0L&rsquo;utilisateur garantit que les donn\u00e9es personnelles fournies \u00e0 la responsabilit\u00e9 sont exacts et responsable de la communication des changements qui y sont.<\/p>\n<p><span class=\"\">Le RESPONSABLE\u00a0 informe express\u00e9ment et garantit aux utilisateurs que leurs donn\u00e9es personnelles ne seront pas divulgu\u00e9es en aucun cas \u00e0 des tiers, et toujours de proc\u00e9der \u00e0 tout transfert de donn\u00e9es \u00e0 caract\u00e8re personnel, le consentement, inform\u00e9 et sans \u00e9quivoque par les utilisateurs pr\u00e9c\u00e9demment pos\u00e9es.\u00a0<\/span>Toutes les informations demand\u00e9es sur le site sont obligatoires, n\u00e9cessaires pour fournir un service optimal \u00e0 l&rsquo;utilisateur.\u00a0Si elles ne sont pas fourni toutes les donn\u00e9es, il n&rsquo;y a aucune garantie que les informations et les services fournis sont compl\u00e8tement adapt\u00e9s \u00e0 vos besoins.<\/p>\n<h2>3. S\u00c9CURIT\u00c9<\/h2>\n<p>Que, conform\u00e9ment aux dispositions des r\u00e8glements en mati\u00e8re de protection de la force des donn\u00e9es personnelles, le<span class=\"\"> RESPONSABLE\u00a0<\/span> est conforme \u00e0 toutes les dispositions du r\u00e8glement de GDPR pour le traitement des donn\u00e9es personnelles de ses responsabilit\u00e9s et clairement avec les principes d\u00e9crits \u00e0 l&rsquo;article 5 GDPR, qui sont trait\u00e9s de fa\u00e7on l\u00e9gale, \u00e9quitable et transparente par rapport \u00e0 l&rsquo;int\u00e9ress\u00e9 et appropri\u00e9e, pertinente et limit\u00e9e \u00e0 ce <span class=\"goog-text-highlight\">garantit responsables qu&rsquo;il a mis en \u0153uvre des politiques techniques et organisationnelles appropri\u00e9es pour mettre en \u0153uvre des mesures de s\u00e9curit\u00e9 qui \u00e9tablissent le GDPR afin de prot\u00e9ger les droits et les libert\u00e9s des utilisateurs et les a communiqu\u00e9es \u00e0 la bonne information afin qu&rsquo;ils puissent les exercer.<\/span><\/p>\n<p>Le RESPONSABLE garantit responsables qu&rsquo;il a mis en \u0153uvre des politiques techniques et organisationnelles appropri\u00e9es pour mettre en \u0153uvre des mesures de s\u00e9curit\u00e9 qui \u00e9tablissent le GDPR afin de prot\u00e9ger les droits et les libert\u00e9s des utilisateurs et les a communiqu\u00e9es \u00e0 la bonne information afin qu&rsquo;ils puissent les exercer.<\/p>\n<p>&nbsp;<\/p>","protected":false},"excerpt":{"rendered":"<p>1. INFORMATIONS UTILISATEUR JUAN MIQUEL PEREZ, ci-apr\u00e8s RESPONSABLE, est responsable du traitement des donn\u00e9es personnelles des utilisateurs et vous informe que ces donn\u00e9es seront trait\u00e9es conform\u00e9ment aux dispositions du r\u00e8glement en mati\u00e8re de protection de la force des donn\u00e9es personnelles, le r\u00e8glement (UE) 2016\/679 du 27 Avril 2016 (GDPR) sur la protection des personnes physiques [&hellip;]<\/p>\n","protected":false},"author":1,"featured_media":0,"parent":0,"menu_order":24,"comment_status":"closed","ping_status":"closed","template":"legal.php","meta":{"_links_to":"","_links_to_target":""},"_links":{"self":[{"href":"https:\/\/goodshoot.es\/fr\/wp-json\/wp\/v2\/pages\/3"}],"collection":[{"href":"https:\/\/goodshoot.es\/fr\/wp-json\/wp\/v2\/pages"}],"about":[{"href":"https:\/\/goodshoot.es\/fr\/wp-json\/wp\/v2\/types\/page"}],"author":[{"embeddable":true,"href":"https:\/\/goodshoot.es\/fr\/wp-json\/wp\/v2\/users\/1"}],"replies":[{"embeddable":true,"href":"https:\/\/goodshoot.es\/fr\/wp-json\/wp\/v2\/comments?post=3"}],"version-history":[{"count":28,"href":"https:\/\/goodshoot.es\/fr\/wp-json\/wp\/v2\/pages\/3\/revisions"}],"predecessor-version":[{"id":960,"href":"https:\/\/goodshoot.es\/fr\/wp-json\/wp\/v2\/pages\/3\/revisions\/960"}],"wp:attachment":[{"href":"https:\/\/goodshoot.es\/fr\/wp-json\/wp\/v2\/media?parent=3"}],"curies":[{"name":"wp","href":"https:\/\/api.w.org\/{rel}","templated":true}]}}