{"id":13,"date":"2018-08-22T12:17:35","date_gmt":"2018-08-22T11:17:35","guid":{"rendered":"https:\/\/goodshoot.es\/?page_id=13"},"modified":"2022-12-07T12:42:39","modified_gmt":"2022-12-07T11:42:39","slug":"contacto","status":"publish","type":"page","link":"https:\/\/goodshoot.es\/fr\/contacto\/","title":{"rendered":"Contact"},"content":{"rendered":"<p><\/p>\n<h1 class=\"title-page\">Contact avec nous<\/h1>\n<p class=\"text-align-center\"><i>\u00a1Nous Sommes ici!<\/i><\/p>\n<section class=\"contact__map\" id=\"crear-ruta\">\n\n\t\t<section id=\"map\"><\/section>\n    <script src=\"https:\/\/goodshoot.es\/wp-content\/themes\/goodshoot\/js\/modules\/module_map.js\"><\/script>\n    <script src=\"https:\/\/maps.googleapis.com\/maps\/api\/js?key=AIzaSyD-Mf0bhDxYpoeJh5GB87tjqdG8LVb13JQ&callback=initMap\"\n        async defer><\/script>\n\n<\/section>\n\n\n\n\n<style type=\"text\/css\">\n  button[type=\"submit\"]:disabled {\n    opacity: .5;\n    cursor: default !important;\n  }\n  .ohnohoney {\n    opacity: 0;\n    position: absolute;\n    top: 0;\n    left: 0;\n    height: 0;\n    width: 0;\n    z-index: -1;\n  }\n<\/style>\n\n\n\t<section class=\"form-contact\" id=\"sec-form\">\n\n\t\t\n\n\t\t<form  method=\"POST\">\n\t\t\t\n\t\t\t<fieldset>\n    \t\t\t\n    \t\t\t<legend><p class=\"text-align-center\">Int\u00e9ress\u00e9? Contactez-nous:<\/p><\/legend>\n\n\t\t\t\t<div class=\"form-contact__container\">\n\n\t\t\t\t\t<div class=\"grid-50\">\n\t\t\t\t\t\t<p>PARLEZ-NOUS DE VOUS...<\/p>\n\t\t\t\t\t\t<label class=\"required\" for=\"inputelement\"><span>Nom<\/span>\n\t\t\t\t\t\t\t<input type=\"text\" name=\"nombre\" placeholder=\"\u00e9crivez ici votre nom\" required>\n\t\t\t\t\t\t\t<p class=\"atten\">!<\/p>\n\t\t\t\t\t\t<\/label>\n\n\t\t\t\t\t\t<label class=\"required\"><span>Email<\/span>\n\t\t\t\t\t\t\t<input type=\"email\" name=\"email_secure\" placeholder=\"Votre Email\" required>\n\t\t\t\t\t\t\t<p class=\"atten\">!<\/p>\n\t\t\t\t\t\t<\/label>\n\n\t\t\t\t\t\t<label class=\"required\"><span>T\u00e9l\u00e9phone<\/span>\n\t\t\t\t\t\t\t<input type=\"text\" name=\"telefono\" placeholder=\"Votre num\u00e9ro de t\u00e9l\u00e9phone\" required>\n\t\t\t\t\t\t\t<p class=\"atten\">!<\/p>\n\t\t\t\t\t\t<\/label>\n\t\t\t\t\t<\/div>\n\n\t\t\t\t\t<div class=\"grid-50\">\n\t\t\t\t\t\t<p>VOULEZ-VOUS DIRE QUELQUE CHOSE?<\/p>\n\t\t\t\t\t\t<label>\n\t\t\t\t\t\t\t<span>zonedetexte<\/span>\n\t\t\t\t\t\t\t<textarea name=\"areatexto\"><\/textarea>\n\t\t\t\t\t\t<\/label>\n\n\t\t\t\t\t<\/div>\n\n\t\t\t\t\t<div class=\"grid-100 padding\">\n\t\t\t\t\t\t\n\t\t\t\t\t\t<p>*  INDIQUEZ-NOUS D'O\u00d9 VOUS \u00c9CRIVEZ...<\/p>\n\n\t\t\t\t\t\t<label><span>Ville<\/span>\n\t\t\t\t\t\t\t<input type=\"text\" name=\"ciudad\" placeholder=\"\u00e9crivez ici votre ville\">\n\t\t\t\t\t\t<\/label>\n\n\t\t\t\t\t\t<label><span>Province<\/span>\n\t\t\t\t\t\t\t<input type=\"text\" name=\"provincia\" placeholder=\"et la province o\u00f9 vous habitez\">\n\t\t\t\t\t\t<\/label>\n\n\t\t\t\t\t\t<label class=\"required\"><span>Accepter<\/span>\n\n\t\t\t\t\t\t\t<input type=\"checkbox\" required name=\"acepto\">J'ai lu et j'accepte les <a href=\"https:\/\/goodshoot.es\/fr\/aviso-legal\/\" target=\"_blank\">mentions l\u00e9gales<\/a> et la <a href=\"https:\/\/goodshoot.es\/fr\/politica-privacidad\/\" target=\"_blank\">politique de confidentialit\u00e9<\/a>\t\t\t\t\t\t\t<p class=\"atten\">!<\/p>\n\t\t\t\t\t\t<\/label>\n\n\n            <label class=\"ohnohoney\" for=\"email\"><\/label>\n            <input class=\"ohnohoney\" value=\"\" autocomplete=\"nope\" type=\"email\" id=\"email\" name=\"email\" placeholder=\"Your e-mail here\">\n\n\n\t\t\t\t\t\t<label class=\"send\"><span>Envoyer<\/span>\n\n\t\t\t\t\t\t\t<button disabled  type=\"submit\" id=\"submit\">Envoyer des informations de contact<\/button>\n\t\t\t\t\t\t\n\t\t\t\t\t\t<\/label>\n\n\t\t\t\t\t<\/div>\n\n\n\n\t\t\t\t<\/div>\n\n\t\t\t<\/fieldset>\n\n\t\t<\/form>\n\n\n<\/section>\n<script>\n  var iTiemHab = 4000;\n  function habilitar() {\n    document.getElementById('submit').disabled = false;\n  }\n  setTimeout('habilitar()', iTiemHab);\n<\/script>\n<p class=\"content_center padding_bottom_50\">Pour plus d&rsquo;informations sur Goodshoot, veuillez nous contacter en utilisant le formulaire ci-dessous ou en appelant le (+34) 872 59 12 44. Si vous pr\u00e9f\u00e9rez, vous pouvez envoyer un email a goodshoot@goodshoot.es<\/p>\n<p><\/p>","protected":false},"excerpt":{"rendered":"<p>Contact avec nous \u00a1Nous Sommes ici! Pour plus d&rsquo;informations sur Goodshoot, veuillez nous contacter en utilisant le formulaire ci-dessous ou en appelant le (+34) 872 59 12 44. Si vous pr\u00e9f\u00e9rez, vous pouvez envoyer un email a goodshoot@goodshoot.es<\/p>\n","protected":false},"author":1,"featured_media":0,"parent":0,"menu_order":21,"comment_status":"closed","ping_status":"closed","template":"","meta":{"_links_to":"","_links_to_target":""},"_links":{"self":[{"href":"https:\/\/goodshoot.es\/fr\/wp-json\/wp\/v2\/pages\/13"}],"collection":[{"href":"https:\/\/goodshoot.es\/fr\/wp-json\/wp\/v2\/pages"}],"about":[{"href":"https:\/\/goodshoot.es\/fr\/wp-json\/wp\/v2\/types\/page"}],"author":[{"embeddable":true,"href":"https:\/\/goodshoot.es\/fr\/wp-json\/wp\/v2\/users\/1"}],"replies":[{"embeddable":true,"href":"https:\/\/goodshoot.es\/fr\/wp-json\/wp\/v2\/comments?post=13"}],"version-history":[{"count":21,"href":"https:\/\/goodshoot.es\/fr\/wp-json\/wp\/v2\/pages\/13\/revisions"}],"predecessor-version":[{"id":958,"href":"https:\/\/goodshoot.es\/fr\/wp-json\/wp\/v2\/pages\/13\/revisions\/958"}],"wp:attachment":[{"href":"https:\/\/goodshoot.es\/fr\/wp-json\/wp\/v2\/media?parent=13"}],"curies":[{"name":"wp","href":"https:\/\/api.w.org\/{rel}","templated":true}]}}