{"id":70,"date":"2018-08-23T13:44:27","date_gmt":"2018-08-23T12:44:27","guid":{"rendered":"https:\/\/goodshoot.es\/?page_id=70"},"modified":"2022-07-18T23:28:23","modified_gmt":"2022-07-18T22:28:23","slug":"premium-gold","status":"publish","type":"page","link":"https:\/\/goodshoot.es\/es\/productos\/premium-gold\/","title":{"rendered":"PREMIUM GOLD"},"content":{"rendered":"<p><\/p>\n<div id=\"premium-gold\" class=\"product\">\n<h2 class=\"product__title\"><span class=\"span\">Para los m\u00e1s T\u00e9cnicos:<\/span> Modelo PREMIUM GOLD<\/h2>\n<ul>\n<li>Modelo premium, diversidad de colores disponibles, comb\u00ednalos entre ellos!!<\/li>\n<li>Lomo disponible en madera o en goma.<\/li>\n<li>Tu eliges si quieres una empu\u00f1adura nueva o prefieres que adaptemos la tuya.<\/li>\n<li>Todos los ajustes disponibles<\/li>\n<li>NUEVO sistema anti retroceso para mayor estabilidad el arma.<\/li>\n<\/ul>\n<div class=\"flex\">\n<div><img decoding=\"async\" loading=\"lazy\" class=\"alignnone size-full wp-image-157\" src=\"https:\/\/goodshoot.es\/wp-content\/uploads\/2018\/09\/2-orm1.jpg\" alt=\"\" width=\"1200\" height=\"477\" srcset=\"https:\/\/goodshoot.es\/wp-content\/uploads\/2018\/09\/2-orm1.jpg 1200w, https:\/\/goodshoot.es\/wp-content\/uploads\/2018\/09\/2-orm1-600x239.jpg 600w, https:\/\/goodshoot.es\/wp-content\/uploads\/2018\/09\/2-orm1-300x119.jpg 300w, https:\/\/goodshoot.es\/wp-content\/uploads\/2018\/09\/2-orm1-768x305.jpg 768w, https:\/\/goodshoot.es\/wp-content\/uploads\/2018\/09\/2-orm1-1024x407.jpg 1024w\" sizes=\"(max-width: 1200px) 100vw, 1200px\" \/><\/div>\n<\/div>\n<\/div>\n<p><\/p>","protected":false},"excerpt":{"rendered":"<p>Para los m\u00e1s T\u00e9cnicos: Modelo PREMIUM GOLD Modelo premium, diversidad de colores disponibles, comb\u00ednalos entre ellos!! Lomo disponible en madera o en goma. Tu eliges si quieres una empu\u00f1adura nueva o prefieres que adaptemos la tuya. Todos los ajustes disponibles NUEVO sistema anti retroceso para mayor estabilidad el arma.<\/p>\n","protected":false},"author":1,"featured_media":0,"parent":7,"menu_order":6,"comment_status":"closed","ping_status":"closed","template":"producto.php","meta":{"_links_to":"","_links_to_target":""},"_links":{"self":[{"href":"https:\/\/goodshoot.es\/es\/wp-json\/wp\/v2\/pages\/70"}],"collection":[{"href":"https:\/\/goodshoot.es\/es\/wp-json\/wp\/v2\/pages"}],"about":[{"href":"https:\/\/goodshoot.es\/es\/wp-json\/wp\/v2\/types\/page"}],"author":[{"embeddable":true,"href":"https:\/\/goodshoot.es\/es\/wp-json\/wp\/v2\/users\/1"}],"replies":[{"embeddable":true,"href":"https:\/\/goodshoot.es\/es\/wp-json\/wp\/v2\/comments?post=70"}],"version-history":[{"count":27,"href":"https:\/\/goodshoot.es\/es\/wp-json\/wp\/v2\/pages\/70\/revisions"}],"predecessor-version":[{"id":482,"href":"https:\/\/goodshoot.es\/es\/wp-json\/wp\/v2\/pages\/70\/revisions\/482"}],"up":[{"embeddable":true,"href":"https:\/\/goodshoot.es\/es\/wp-json\/wp\/v2\/pages\/7"}],"wp:attachment":[{"href":"https:\/\/goodshoot.es\/es\/wp-json\/wp\/v2\/media?parent=70"}],"curies":[{"name":"wp","href":"https:\/\/api.w.org\/{rel}","templated":true}]}}