{"id":514,"date":"2022-08-17T17:29:50","date_gmt":"2022-08-17T16:29:50","guid":{"rendered":"https:\/\/goodshoot.es\/?page_id=514"},"modified":"2022-08-17T23:16:56","modified_gmt":"2022-08-17T22:16:56","slug":"expert","status":"publish","type":"page","link":"https:\/\/goodshoot.es\/es\/productos\/expert\/","title":{"rendered":"EXPERT"},"content":{"rendered":"<p><\/p>\n<div id=\"professional-team\" class=\"product\">\n<h2 class=\"product__title\"><span class=\"span\">Para los m\u00e1s t\u00e9cnicos:<\/span> Modelo EXPERT<\/h2>\n<ul>\n<li>Modelo completo, diversidad de colores disponibles, comb\u00ednalos entre ellos!!<\/li>\n<li>Tu eliges si quieres una empu\u00f1adura nueva o prefieres que adaptemos la tuya.<\/li>\n<li>Todos los ajustes disponibles<\/li>\n<\/ul>\n<p><img decoding=\"async\" loading=\"lazy\" class=\"alignnone size-full wp-image-519\" src=\"https:\/\/goodshoot.es\/wp-content\/uploads\/2022\/08\/modelo-expert.jpg\" alt=\"\" width=\"1080\" height=\"407\" srcset=\"https:\/\/goodshoot.es\/wp-content\/uploads\/2022\/08\/modelo-expert.jpg 1080w, https:\/\/goodshoot.es\/wp-content\/uploads\/2022\/08\/modelo-expert-600x226.jpg 600w, https:\/\/goodshoot.es\/wp-content\/uploads\/2022\/08\/modelo-expert-300x113.jpg 300w, https:\/\/goodshoot.es\/wp-content\/uploads\/2022\/08\/modelo-expert-1024x386.jpg 1024w, https:\/\/goodshoot.es\/wp-content\/uploads\/2022\/08\/modelo-expert-768x289.jpg 768w\" sizes=\"(max-width: 1080px) 100vw, 1080px\" \/><\/p>\n<\/div>\n<p><\/p>","protected":false},"excerpt":{"rendered":"<p>Para los m\u00e1s t\u00e9cnicos: Modelo EXPERT Modelo completo, diversidad de colores disponibles, comb\u00ednalos entre ellos!! Tu eliges si quieres una empu\u00f1adura nueva o prefieres que adaptemos la tuya. Todos los ajustes disponibles<\/p>\n","protected":false},"author":1,"featured_media":0,"parent":7,"menu_order":5,"comment_status":"closed","ping_status":"closed","template":"producto.php","meta":{"_links_to":"","_links_to_target":""},"_links":{"self":[{"href":"https:\/\/goodshoot.es\/es\/wp-json\/wp\/v2\/pages\/514"}],"collection":[{"href":"https:\/\/goodshoot.es\/es\/wp-json\/wp\/v2\/pages"}],"about":[{"href":"https:\/\/goodshoot.es\/es\/wp-json\/wp\/v2\/types\/page"}],"author":[{"embeddable":true,"href":"https:\/\/goodshoot.es\/es\/wp-json\/wp\/v2\/users\/1"}],"replies":[{"embeddable":true,"href":"https:\/\/goodshoot.es\/es\/wp-json\/wp\/v2\/comments?post=514"}],"version-history":[{"count":3,"href":"https:\/\/goodshoot.es\/es\/wp-json\/wp\/v2\/pages\/514\/revisions"}],"predecessor-version":[{"id":520,"href":"https:\/\/goodshoot.es\/es\/wp-json\/wp\/v2\/pages\/514\/revisions\/520"}],"up":[{"embeddable":true,"href":"https:\/\/goodshoot.es\/es\/wp-json\/wp\/v2\/pages\/7"}],"wp:attachment":[{"href":"https:\/\/goodshoot.es\/es\/wp-json\/wp\/v2\/media?parent=514"}],"curies":[{"name":"wp","href":"https:\/\/api.w.org\/{rel}","templated":true}]}}