{"id":5,"date":"2018-08-22T12:16:35","date_gmt":"2018-08-22T11:16:35","guid":{"rendered":"https:\/\/goodshoot.es\/?page_id=5"},"modified":"2022-12-07T12:32:20","modified_gmt":"2022-12-07T11:32:20","slug":"home","status":"publish","type":"page","link":"https:\/\/goodshoot.es\/es\/","title":{"rendered":"Home"},"content":{"rendered":"<p><\/p>\n<section class=\"content_center\">\n<h1 class=\"text-align-center\" style=\"padding-top: 20px;\">\u00bfSabes por qu\u00e9 debes usar una culata Goodshoot?<\/h1>\n<p>\u00bfCu\u00e1ntas veces erramos el tiro debido a un mal ajuste de la escopeta a nuestro cuerpo?<\/p>\n<p>Sabemos que nuestro cuerpo, adem\u00e1s de ir cambiando a lo largo de los a\u00f1os, es \u00fanico en cuanto a forma: posici\u00f3n de los ojos y los p\u00f3mulos en la cara, distancia entre el cuello y los hombros o la me\u00addida de los brazos y manos.<\/p>\n<p>Todas estas medidas antropom\u00e9tricas deben ser ajustadas a cada persona para conseguir un tiro certero.<\/p>\n<p>Pegar el lomo de la culata a nuestra cara, consiguiendo que la escopeta quede totalmente ajustada a nuestro cuerpo, no tan solo evita lesiones por el impacto del retroceso, sino que es fundamental para que nuestro ojo quede perfectamente alineado (tanto en altura como en perspectiva) con la banda y el punto de mira. De esta manera conseguiremos que nuestro disparo vaya exactamente donde queremos.<\/p>\n<p>Ahora, con la culata <strong>GOODSHOOT<\/strong>, podemos regular todas estas medidas en cualquier momento y con\u00adseguir un ajuste total.<\/p>\n<div class=\"clear\">\u00a0<\/div>\n<span style=\"display:block;text-align:center\"><a class=\"e-btn\" href=\"https:\/\/goodshoot.es\/es\/configurador\/\">COMPRAR AHORA<\/span><\/a>\n<div class=\"clear padding-px-top-20\">\u00a0<\/div>\n<section class=\"c-videos-home\">\n  <div class=\"container\">\n    <div class=\"c-videos-home__grid\">\n      <div class=\"item\">\n        <div class=\"embed-container 16by9\">\n          <iframe width=\"560\" height=\"315\" src=\"https:\/\/www.youtube.com\/embed\/XqIXpD0mG3I\" title=\"YouTube video player\" frameborder=\"0\" allow=\"accelerometer; autoplay; clipboard-write; encrypted-media; gyroscope; picture-in-picture\" allowfullscreen><\/iframe>\n        <\/div>\n      <\/div>\n      <div class=\"item\">\n        <div class=\"embed-container 16by9\">\n          <iframe width=\"560\" height=\"315\" src=\"https:\/\/www.youtube.com\/embed\/4Gue8DAb1kA\" title=\"YouTube video player\" frameborder=\"0\" allow=\"accelerometer; autoplay; clipboard-write; encrypted-media; gyroscope; picture-in-picture\" allowfullscreen><\/iframe>\n        <\/div>\n      <\/div>\n      <div class=\"item\">\n        <div class=\"embed-container 16by9\">\n          <iframe width=\"560\" height=\"315\" src=\"https:\/\/www.youtube.com\/embed\/iAUEh5rE-S0\" title=\"YouTube video player\" frameborder=\"0\" allow=\"accelerometer; autoplay; clipboard-write; encrypted-media; gyroscope; picture-in-picture\" allowfullscreen><\/iframe>\n        <\/div>\n      <\/div>\n      <!-- <div class=\"item\">\n        <div class=\"embed-container 16by9\">\n          <iframe width=\"560\" height=\"315\" src=\"https:\/\/www.youtube.com\/embed\/QNv8sgUAB6g\" title=\"YouTube video player\" frameborder=\"0\" allow=\"accelerometer; autoplay; clipboard-write; encrypted-media; gyroscope; picture-in-picture\" allowfullscreen><\/iframe>\n        <\/div>\n      <\/div>\n\n      <div class=\"item\">\n        <div class=\"embed-container 16by9\">\n          <iframe width=\"560\" height=\"315\" src=\"https:\/\/www.youtube.com\/embed\/LFIyHu7iZMg\" title=\"YouTube video player\" frameborder=\"0\" allow=\"accelerometer; autoplay; clipboard-write; encrypted-media; gyroscope; picture-in-picture\" allowfullscreen><\/iframe>\n        <\/div>\n      <\/div> -->\n      <div class=\"item\">\n        <div class=\"embed-container 16by9\">\n          <iframe width=\"560\" height=\"315\" src=\"https:\/\/www.youtube.com\/embed\/apXjlMgvxl8\" title=\"YouTube video player\" frameborder=\"0\" allow=\"accelerometer; autoplay; clipboard-write; encrypted-media; gyroscope; picture-in-picture\" allowfullscreen><\/iframe>\n        <\/div>\n      <\/div>\n    <\/div>\n  <\/div>\n<\/section>\n<div class=\"clear\">\u00a0<\/div>\n\n<style type=\"text\/css\">\n  button[type=\"submit\"]:disabled {\n    opacity: .5;\n    cursor: default !important;\n  }\n  .ohnohoney {\n    opacity: 0;\n    position: absolute;\n    top: 0;\n    left: 0;\n    height: 0;\n    width: 0;\n    z-index: -1;\n  }\n<\/style>\n\n\n\t<section class=\"form-contact\" id=\"sec-form\">\n\n\t\t\n\n\t\t<form  method=\"POST\">\n\t\t\t\n\t\t\t<fieldset>\n    \t\t\t\n    \t\t\t<legend><p class=\"text-align-center\">\u00bfInteresado? Ponte en contacto con nostros:<\/p><\/legend>\n\n\t\t\t\t<div class=\"form-contact__container\">\n\n\t\t\t\t\t<div class=\"grid-50\">\n\t\t\t\t\t\t<p>CU\u00c9NTANOS ALGO DE TI...<\/p>\n\t\t\t\t\t\t<label class=\"required\" for=\"inputelement\"><span>Nombre<\/span>\n\t\t\t\t\t\t\t<input type=\"text\" name=\"nombre\" placeholder=\"escribe aqu\u00ed tu nombre\" required>\n\t\t\t\t\t\t\t<p class=\"atten\">!<\/p>\n\t\t\t\t\t\t<\/label>\n\n\t\t\t\t\t\t<label class=\"required\"><span>Email<\/span>\n\t\t\t\t\t\t\t<input type=\"email\" name=\"email_secure\" placeholder=\"tu email\" required>\n\t\t\t\t\t\t\t<p class=\"atten\">!<\/p>\n\t\t\t\t\t\t<\/label>\n\n\t\t\t\t\t\t<label class=\"required\"><span>Tel\u00e9fono<\/span>\n\t\t\t\t\t\t\t<input type=\"text\" name=\"telefono\" placeholder=\"tu n\u00famero de tel\u00e9fono\" required>\n\t\t\t\t\t\t\t<p class=\"atten\">!<\/p>\n\t\t\t\t\t\t<\/label>\n\t\t\t\t\t<\/div>\n\n\t\t\t\t\t<div class=\"grid-50\">\n\t\t\t\t\t\t<p>\u00bfQUIERES CONTARNOS ALGO?<\/p>\n\t\t\t\t\t\t<label>\n\t\t\t\t\t\t\t<span>areatexto<\/span>\n\t\t\t\t\t\t\t<textarea name=\"areatexto\"><\/textarea>\n\t\t\t\t\t\t<\/label>\n\n\t\t\t\t\t<\/div>\n\n\t\t\t\t\t<div class=\"grid-100 padding\">\n\t\t\t\t\t\t\n\t\t\t\t\t\t<p>* Y A CONTINUACI\u00d3N DINOS DESDE D\u00d3NDE NOS ESCRIBES...<\/p>\n\n\t\t\t\t\t\t<label><span>Ciudad<\/span>\n\t\t\t\t\t\t\t<input type=\"text\" name=\"ciudad\" placeholder=\"escribe aqu\u00ed tu ciudad o pueblo\">\n\t\t\t\t\t\t<\/label>\n\n\t\t\t\t\t\t<label><span>Provincia<\/span>\n\t\t\t\t\t\t\t<input type=\"text\" name=\"provincia\" placeholder=\"y la provincia d\u00f3nde vives\">\n\t\t\t\t\t\t<\/label>\n\n\t\t\t\t\t\t<label class=\"required\"><span>Aceptar<\/span>\n\n\t\t\t\t\t\t\t<input type=\"checkbox\" required name=\"acepto\">He le\u00eddo y acepto el <a href=\"https:\/\/goodshoot.es\/es\/aviso-legal\/\" target=\"_blank\">aviso legal<\/a> y la <a href=\"https:\/\/goodshoot.es\/es\/politica-privacidad\/\" target=\"_blank\">pol\u00edtica de privacidad<\/a>\t\t\t\t\t\t\t<p class=\"atten\">!<\/p>\n\t\t\t\t\t\t<\/label>\n\n\n            <label class=\"ohnohoney\" for=\"email\"><\/label>\n            <input class=\"ohnohoney\" value=\"\" autocomplete=\"nope\" type=\"email\" id=\"email\" name=\"email\" placeholder=\"Your e-mail here\">\n\n\n\t\t\t\t\t\t<label class=\"send\"><span>Enviar<\/span>\n\n\t\t\t\t\t\t\t<button disabled  type=\"submit\" id=\"submit\">Enviar datos de contacto<\/button>\n\t\t\t\t\t\t\n\t\t\t\t\t\t<\/label>\n\n\t\t\t\t\t<\/div>\n\n\n\n\t\t\t\t<\/div>\n\n\t\t\t<\/fieldset>\n\n\t\t<\/form>\n\n\n<\/section>\n<script>\n  var iTiemHab = 4000;\n  function habilitar() {\n    document.getElementById('submit').disabled = false;\n  }\n  setTimeout('habilitar()', iTiemHab);\n<\/script>\n<\/section>\n<p><\/p>","protected":false},"excerpt":{"rendered":"<p>\u00bfSabes por qu\u00e9 debes usar una culata Goodshoot? \u00bfCu\u00e1ntas veces erramos el tiro debido a un mal ajuste de la escopeta a nuestro cuerpo? Sabemos que nuestro cuerpo, adem\u00e1s de ir cambiando a lo largo de los a\u00f1os, es \u00fanico en cuanto a forma: posici\u00f3n de los ojos y los p\u00f3mulos en la cara, distancia [&hellip;]<\/p>\n","protected":false},"author":1,"featured_media":0,"parent":0,"menu_order":1,"comment_status":"closed","ping_status":"closed","template":"","meta":{"_links_to":"","_links_to_target":""},"_links":{"self":[{"href":"https:\/\/goodshoot.es\/es\/wp-json\/wp\/v2\/pages\/5"}],"collection":[{"href":"https:\/\/goodshoot.es\/es\/wp-json\/wp\/v2\/pages"}],"about":[{"href":"https:\/\/goodshoot.es\/es\/wp-json\/wp\/v2\/types\/page"}],"author":[{"embeddable":true,"href":"https:\/\/goodshoot.es\/es\/wp-json\/wp\/v2\/users\/1"}],"replies":[{"embeddable":true,"href":"https:\/\/goodshoot.es\/es\/wp-json\/wp\/v2\/comments?post=5"}],"version-history":[{"count":55,"href":"https:\/\/goodshoot.es\/es\/wp-json\/wp\/v2\/pages\/5\/revisions"}],"predecessor-version":[{"id":951,"href":"https:\/\/goodshoot.es\/es\/wp-json\/wp\/v2\/pages\/5\/revisions\/951"}],"wp:attachment":[{"href":"https:\/\/goodshoot.es\/es\/wp-json\/wp\/v2\/media?parent=5"}],"curies":[{"name":"wp","href":"https:\/\/api.w.org\/{rel}","templated":true}]}}