{"id":76,"date":"2018-08-23T15:05:33","date_gmt":"2018-08-23T14:05:33","guid":{"rendered":"https:\/\/goodshoot.es\/?page_id=76"},"modified":"2018-11-08T12:22:05","modified_gmt":"2018-11-08T11:22:05","slug":"todos-los-modelos","status":"publish","type":"page","link":"https:\/\/goodshoot.es\/de\/productos\/todos-los-modelos\/","title":{"rendered":"ALLE MODELLE"},"content":{"rendered":"<p><\/p>\n<div id=\"todos-los-modelos\" class=\"product\">\n<h2 class=\"product__title\" style=\"text-align: center;\">3 verf\u00fcgbare Rohrma\u00dfe<\/h2>\n<div class=\"flex mobile-block\">\n<div>\n<p>L\u00e4nge: 2 Geh\u00e4usegr\u00f6\u00dfen verf\u00fcgbar:<\/p>\n<ul class=\"list-normal\">\n<li class=\"list-number\">STANDARD Geh\u00e4use\n<ul>\n<li>Von 37,5 bis 40cm<\/li>\n<li>Von 36 bis 38,5cm<\/li>\n<\/ul>\n<\/li>\n<li class=\"list-number\">MINI Geh\u00e4use\n<ul>\n<li>Von 33,5 bis 36cm<\/li>\n<li><\/li>\n<\/ul>\n<\/li>\n<\/ul>\n<\/div>\n<div>\u00a0\u00a0\u00a0\u00a0<img decoding=\"async\" loading=\"lazy\" class=\"size-full wp-image-39 aligncenter\" src=\"https:\/\/goodshoot.es\/wp-content\/uploads\/2018\/08\/2medidas.png\" alt=\"\" width=\"488\" height=\"363\" srcset=\"https:\/\/goodshoot.es\/wp-content\/uploads\/2018\/08\/2medidas.png 488w, https:\/\/goodshoot.es\/wp-content\/uploads\/2018\/08\/2medidas-300x223.png 300w\" sizes=\"(max-width: 488px) 100vw, 488px\" \/><\/div>\n<\/div>\n<\/div>\n<p><\/p>","protected":false},"excerpt":{"rendered":"<p>3 verf\u00fcgbare Rohrma\u00dfe L\u00e4nge: 2 Geh\u00e4usegr\u00f6\u00dfen verf\u00fcgbar: STANDARD Geh\u00e4use Von 37,5 bis 40cm Von 36 bis 38,5cm MINI Geh\u00e4use Von 33,5 bis 36cm \u00a0\u00a0\u00a0\u00a0<\/p>\n","protected":false},"author":1,"featured_media":0,"parent":7,"menu_order":8,"comment_status":"closed","ping_status":"closed","template":"producto.php","meta":{"_links_to":"","_links_to_target":""},"_links":{"self":[{"href":"https:\/\/goodshoot.es\/de\/wp-json\/wp\/v2\/pages\/76"}],"collection":[{"href":"https:\/\/goodshoot.es\/de\/wp-json\/wp\/v2\/pages"}],"about":[{"href":"https:\/\/goodshoot.es\/de\/wp-json\/wp\/v2\/types\/page"}],"author":[{"embeddable":true,"href":"https:\/\/goodshoot.es\/de\/wp-json\/wp\/v2\/users\/1"}],"replies":[{"embeddable":true,"href":"https:\/\/goodshoot.es\/de\/wp-json\/wp\/v2\/comments?post=76"}],"version-history":[{"count":37,"href":"https:\/\/goodshoot.es\/de\/wp-json\/wp\/v2\/pages\/76\/revisions"}],"predecessor-version":[{"id":453,"href":"https:\/\/goodshoot.es\/de\/wp-json\/wp\/v2\/pages\/76\/revisions\/453"}],"up":[{"embeddable":true,"href":"https:\/\/goodshoot.es\/de\/wp-json\/wp\/v2\/pages\/7"}],"wp:attachment":[{"href":"https:\/\/goodshoot.es\/de\/wp-json\/wp\/v2\/media?parent=76"}],"curies":[{"name":"wp","href":"https:\/\/api.w.org\/{rel}","templated":true}]}}