{"id":70,"date":"2018-08-23T13:44:27","date_gmt":"2018-08-23T12:44:27","guid":{"rendered":"https:\/\/goodshoot.es\/?page_id=70"},"modified":"2022-07-18T23:28:23","modified_gmt":"2022-07-18T22:28:23","slug":"premium-gold","status":"publish","type":"page","link":"https:\/\/goodshoot.es\/de\/productos\/premium-gold\/","title":{"rendered":"PREMIUM GOLD"},"content":{"rendered":"<p><\/p>\n<div id=\"premium-gold\" class=\"product\">\n<h2 class=\"product__title\">F\u00fcr die technik Begeisterten: Modell PREMIUM GOLD<\/h2>\n<ul>\n<li>Premium-Modell, Farbvielfalt verf\u00fcgbar, kombinieren Sie sie untereinander!<br \/>\nDer Schaftr\u00fccken ist in Holz oder Gummi erh\u00e4ltlich.<br \/>\nSie w\u00e4hlen, ob Sie einen neuen Griff w\u00fcnschen oder ob wir Ihren anpassen sollen.<br \/>\nAlle Einstellungen verf\u00fcgbar<br \/>\nNEUES Anti-R\u00fccksto\u00df-System f\u00fcr mehr Stabilit\u00e4t der Waffe<\/li>\n<\/ul>\n<div class=\"flex\">\n<div><img decoding=\"async\" loading=\"lazy\" class=\"alignnone size-full wp-image-157\" src=\"https:\/\/goodshoot.es\/wp-content\/uploads\/2018\/09\/2-orm1.jpg\" alt=\"\" width=\"1200\" height=\"477\" srcset=\"https:\/\/goodshoot.es\/wp-content\/uploads\/2018\/09\/2-orm1.jpg 1200w, https:\/\/goodshoot.es\/wp-content\/uploads\/2018\/09\/2-orm1-600x239.jpg 600w, https:\/\/goodshoot.es\/wp-content\/uploads\/2018\/09\/2-orm1-300x119.jpg 300w, https:\/\/goodshoot.es\/wp-content\/uploads\/2018\/09\/2-orm1-768x305.jpg 768w, https:\/\/goodshoot.es\/wp-content\/uploads\/2018\/09\/2-orm1-1024x407.jpg 1024w\" sizes=\"(max-width: 1200px) 100vw, 1200px\" \/><\/div>\n<\/div>\n<\/div>\n<p><\/p>","protected":false},"excerpt":{"rendered":"<p>F\u00fcr die technik Begeisterten: Modell PREMIUM GOLD Premium-Modell, Farbvielfalt verf\u00fcgbar, kombinieren Sie sie untereinander! Der Schaftr\u00fccken ist in Holz oder Gummi erh\u00e4ltlich. Sie w\u00e4hlen, ob Sie einen neuen Griff w\u00fcnschen oder ob wir Ihren anpassen sollen. Alle Einstellungen verf\u00fcgbar NEUES Anti-R\u00fccksto\u00df-System f\u00fcr mehr Stabilit\u00e4t der Waffe<\/p>\n","protected":false},"author":1,"featured_media":0,"parent":7,"menu_order":6,"comment_status":"closed","ping_status":"closed","template":"producto.php","meta":{"_links_to":"","_links_to_target":""},"_links":{"self":[{"href":"https:\/\/goodshoot.es\/de\/wp-json\/wp\/v2\/pages\/70"}],"collection":[{"href":"https:\/\/goodshoot.es\/de\/wp-json\/wp\/v2\/pages"}],"about":[{"href":"https:\/\/goodshoot.es\/de\/wp-json\/wp\/v2\/types\/page"}],"author":[{"embeddable":true,"href":"https:\/\/goodshoot.es\/de\/wp-json\/wp\/v2\/users\/1"}],"replies":[{"embeddable":true,"href":"https:\/\/goodshoot.es\/de\/wp-json\/wp\/v2\/comments?post=70"}],"version-history":[{"count":27,"href":"https:\/\/goodshoot.es\/de\/wp-json\/wp\/v2\/pages\/70\/revisions"}],"predecessor-version":[{"id":482,"href":"https:\/\/goodshoot.es\/de\/wp-json\/wp\/v2\/pages\/70\/revisions\/482"}],"up":[{"embeddable":true,"href":"https:\/\/goodshoot.es\/de\/wp-json\/wp\/v2\/pages\/7"}],"wp:attachment":[{"href":"https:\/\/goodshoot.es\/de\/wp-json\/wp\/v2\/media?parent=70"}],"curies":[{"name":"wp","href":"https:\/\/api.w.org\/{rel}","templated":true}]}}