{"id":522,"date":"2022-10-21T08:54:27","date_gmt":"2022-10-21T07:54:27","guid":{"rendered":"https:\/\/goodshoot.es\/?page_id=522"},"modified":"2022-12-07T12:38:04","modified_gmt":"2022-12-07T11:38:04","slug":"gun-cleaner-world","status":"publish","type":"page","link":"https:\/\/goodshoot.es\/de\/productos\/gun-cleaner-world\/","title":{"rendered":"Gun Cleaner World"},"content":{"rendered":"<p><\/p>\n<div id=\"gun-cleaner-world\" class=\"product\">\n<div class=\"e-responsive-image-vertical\"><img decoding=\"async\" loading=\"lazy\" class= wp-image-533\" src=\"https:\/\/goodshoot.es\/wp-content\/uploads\/2022\/10\/producto-gun-cleaner-world.jpg\" alt=\"\" width=\"420\" height=\"808\" \/><\/div>\n<h2 class=\"product__title\">Gun Cleaner World\u00a0<br \/>\nWarum Gun Cleaner World?<\/h2>\n<ul>\n<li>Wie oft m\u00fcssen wir unsere Waffen reinigen, und die Produkte, die sch\u00fctzen, reinigen nicht, und die, die reinigen, sind korrosiv f\u00fcr unsere Waffen und verwandeln etwas Schnelles und Einfaches in etwas Langsames und Schwieriges?<\/li>\n<li>Es ist eine Mischung aus Mineral\u00f6len und Silikonbasen, die den Film schmieren, sch\u00fctzen und wasserabweisend machen.<\/li>\n<li>Es enth\u00e4lt auch fl\u00fcchtige Verbindungen, die Schie\u00dfpulver, Rost, Kunststoffe und anhaftende Metalle entkalken und verd\u00fcnnen<\/li>\n<li>Es ist eine Mischung aus Mineral\u00f6len und Silikonbasen, die den Film schmieren, sch\u00fctzen und wasserabweisend machen.<\/li>\n<\/ul>\n<h3>Reinigung, Fett:<\/h3>\n<ul>\n<li>Es enth\u00e4lt auch fl\u00fcchtige Verbindungen, die Schie\u00dfpulver, Rost, Kunststoffe und anhaftende Metalle entkalken und verd\u00fcnnen.<\/li>\n<li>Blei- als auch Metallr\u00fcckst\u00e4nde.<\/li>\n<li>Ein Baumwolltuch wird \u00fcber glatte Oberfl\u00e4chen gef\u00fchrt und eine Metallb\u00fcrste plus die Baumwollb\u00fcrste in F\u00e4ssern und St\u00f6\u00dfen<\/li>\n<li>Auf dem Holzteil Silikonkautschukschaum ein Baumwolltuch passieren und im Holzhackbereich helfen wir uns mit einer Zahnb\u00fcrste im Hackbereich schnell und Einfache Schmierung<\/li>\n<li>Mit dem gleichen Produkt wird es aufgespr\u00fcht und erzeugt einen d\u00fcnnen Film, der alle beweglichen Bereiche mit hoher Leistung schmiert und die Waffe verschlei\u00dft<\/li>\n<\/ul>\n<p>&nbsp;<\/p>\n<p><img decoding=\"async\" loading=\"lazy\" class=\"wp-image-524 alignnone\" src=\"https:\/\/goodshoot.es\/wp-content\/uploads\/2022\/10\/gun-cleaner-world-logo-picto.png\" alt=\"\" width=\"434\" height=\"443\" \/><\/p>\n<\/div>\n<p><\/p>","protected":false},"excerpt":{"rendered":"","protected":false},"author":1,"featured_media":0,"parent":7,"menu_order":9,"comment_status":"closed","ping_status":"closed","template":"producto.php","meta":{"_links_to":"","_links_to_target":""},"_links":{"self":[{"href":"https:\/\/goodshoot.es\/de\/wp-json\/wp\/v2\/pages\/522"}],"collection":[{"href":"https:\/\/goodshoot.es\/de\/wp-json\/wp\/v2\/pages"}],"about":[{"href":"https:\/\/goodshoot.es\/de\/wp-json\/wp\/v2\/types\/page"}],"author":[{"embeddable":true,"href":"https:\/\/goodshoot.es\/de\/wp-json\/wp\/v2\/users\/1"}],"replies":[{"embeddable":true,"href":"https:\/\/goodshoot.es\/de\/wp-json\/wp\/v2\/comments?post=522"}],"version-history":[{"count":22,"href":"https:\/\/goodshoot.es\/de\/wp-json\/wp\/v2\/pages\/522\/revisions"}],"predecessor-version":[{"id":955,"href":"https:\/\/goodshoot.es\/de\/wp-json\/wp\/v2\/pages\/522\/revisions\/955"}],"up":[{"embeddable":true,"href":"https:\/\/goodshoot.es\/de\/wp-json\/wp\/v2\/pages\/7"}],"wp:attachment":[{"href":"https:\/\/goodshoot.es\/de\/wp-json\/wp\/v2\/media?parent=522"}],"curies":[{"name":"wp","href":"https:\/\/api.w.org\/{rel}","templated":true}]}}