{"id":514,"date":"2022-08-17T17:29:50","date_gmt":"2022-08-17T16:29:50","guid":{"rendered":"https:\/\/goodshoot.es\/?page_id=514"},"modified":"2022-08-17T23:16:56","modified_gmt":"2022-08-17T22:16:56","slug":"expert","status":"publish","type":"page","link":"https:\/\/goodshoot.es\/de\/productos\/expert\/","title":{"rendered":"EXPERT"},"content":{"rendered":"<p><\/p>\n<div id=\"professional-team\" class=\"product\">\n<h2 class=\"product__title\">F\u00fcr die Innovativsten: Modell EXPERT<\/h2>\n<ul>\n<li>Komplettes Modell, verschiedene Farben verf\u00fcgbar, kombinieren Sie sie untereinander!<br \/>\nSie w\u00e4hlen, ob Sie einen neuen Griff w\u00fcnschen oder ob wir Ihren anpassen sollen.<br \/>\nAlle Einstellungen verf\u00fcgbar<\/li>\n<\/ul>\n<div class=\"flex\">\n<div><\/div>\n<div><\/div>\n<\/div>\n<\/div>\n<p><\/p>","protected":false},"excerpt":{"rendered":"<p>F\u00fcr die Innovativsten: Modell EXPERT Komplettes Modell, verschiedene Farben verf\u00fcgbar, kombinieren Sie sie untereinander! Sie w\u00e4hlen, ob Sie einen neuen Griff w\u00fcnschen oder ob wir Ihren anpassen sollen. Alle Einstellungen verf\u00fcgbar<\/p>\n","protected":false},"author":1,"featured_media":0,"parent":7,"menu_order":5,"comment_status":"closed","ping_status":"closed","template":"producto.php","meta":{"_links_to":"","_links_to_target":""},"_links":{"self":[{"href":"https:\/\/goodshoot.es\/de\/wp-json\/wp\/v2\/pages\/514"}],"collection":[{"href":"https:\/\/goodshoot.es\/de\/wp-json\/wp\/v2\/pages"}],"about":[{"href":"https:\/\/goodshoot.es\/de\/wp-json\/wp\/v2\/types\/page"}],"author":[{"embeddable":true,"href":"https:\/\/goodshoot.es\/de\/wp-json\/wp\/v2\/users\/1"}],"replies":[{"embeddable":true,"href":"https:\/\/goodshoot.es\/de\/wp-json\/wp\/v2\/comments?post=514"}],"version-history":[{"count":3,"href":"https:\/\/goodshoot.es\/de\/wp-json\/wp\/v2\/pages\/514\/revisions"}],"predecessor-version":[{"id":520,"href":"https:\/\/goodshoot.es\/de\/wp-json\/wp\/v2\/pages\/514\/revisions\/520"}],"up":[{"embeddable":true,"href":"https:\/\/goodshoot.es\/de\/wp-json\/wp\/v2\/pages\/7"}],"wp:attachment":[{"href":"https:\/\/goodshoot.es\/de\/wp-json\/wp\/v2\/media?parent=514"}],"curies":[{"name":"wp","href":"https:\/\/api.w.org\/{rel}","templated":true}]}}