{"id":5,"date":"2018-08-22T12:16:35","date_gmt":"2018-08-22T11:16:35","guid":{"rendered":"https:\/\/goodshoot.es\/?page_id=5"},"modified":"2022-12-07T12:32:20","modified_gmt":"2022-12-07T11:32:20","slug":"home","status":"publish","type":"page","link":"https:\/\/goodshoot.es\/de\/","title":{"rendered":"Home"},"content":{"rendered":"<p><\/p>\n<section class=\"content_center\">\n<h1 class=\"text-align-center\" style=\"padding-top: 20px;\">Wissen Sie, warum Sie einen Goodshoot Schaft verwenden sollten?<\/h1>\n<p>Wie oft verpassen wir den Schuss aufgrund einer schlechten Anpassung der Flinte an unseren K\u00f6rper?<\/p>\n<p>Wir wissen, dass unser K\u00f6rper, zus\u00e4tzlich zu den Ver\u00e4nderungen im Laufe der Jahre, einzigartig in seiner Form ist: Position der Augen und Wangenknochen im Gesicht, Abstand zwischen Hals und Schultern oder die Gr\u00f6\u00dfe der Arme und H\u00e4nde.<\/p>\n<p>Alle diese anthropometrischen Messungen m\u00fcssen auf jede Person abgestimmt werden, um einen genauen Schuss zu erhalten.<\/p>\n<p>Das Anlegen der Waffe an unser Gesicht, wenn die Schrotflinte vollst\u00e4ndig auf unseren K\u00f6rper angepasst ist, verhindert nicht nur Verletzungen durch den Aufprall des R\u00fccksto\u00dfes, sondern ist wichtig f\u00fcr unser Auge das perfekt ausgerichtet ist (sowohl in H\u00f6he als auch in Perspektive) mit der Laufschiene und dem Blickwinkel. Auf diese Weise erreichen wir dass der Schuss\u00a0 genau dort hingeht wo wir ihn haben wollen.<\/p>\n<p>Mit dem <strong>GOODSHOOT<\/strong> k\u00f6nnen wir nun alle diese Messungen jederzeit regulieren und erhalten eine vollst\u00e4ndige Passform.<\/p>\n<div class=\"clear\">\u00a0<\/div>\n<span style=\"display:block;text-align:center\"><a class=\"e-btn\" href=\"https:\/\/goodshoot.es\/de\/configurador\/\">KAUFE JETZT<\/span><\/a>\n<div class=\"clear padding-px-top-20\">\u00a0<\/div>\n<section class=\"c-videos-home\">\n  <div class=\"container\">\n    <div class=\"c-videos-home__grid\">\n      <div class=\"item\">\n        <div class=\"embed-container 16by9\">\n          <iframe width=\"560\" height=\"315\" src=\"https:\/\/www.youtube.com\/embed\/XqIXpD0mG3I\" title=\"YouTube video player\" frameborder=\"0\" allow=\"accelerometer; autoplay; clipboard-write; encrypted-media; gyroscope; picture-in-picture\" allowfullscreen><\/iframe>\n        <\/div>\n      <\/div>\n      <div class=\"item\">\n        <div class=\"embed-container 16by9\">\n          <iframe width=\"560\" height=\"315\" src=\"https:\/\/www.youtube.com\/embed\/4Gue8DAb1kA\" title=\"YouTube video player\" frameborder=\"0\" allow=\"accelerometer; autoplay; clipboard-write; encrypted-media; gyroscope; picture-in-picture\" allowfullscreen><\/iframe>\n        <\/div>\n      <\/div>\n      <div class=\"item\">\n        <div class=\"embed-container 16by9\">\n          <iframe width=\"560\" height=\"315\" src=\"https:\/\/www.youtube.com\/embed\/iAUEh5rE-S0\" title=\"YouTube video player\" frameborder=\"0\" allow=\"accelerometer; autoplay; clipboard-write; encrypted-media; gyroscope; picture-in-picture\" allowfullscreen><\/iframe>\n        <\/div>\n      <\/div>\n      <!-- <div class=\"item\">\n        <div class=\"embed-container 16by9\">\n          <iframe width=\"560\" height=\"315\" src=\"https:\/\/www.youtube.com\/embed\/QNv8sgUAB6g\" title=\"YouTube video player\" frameborder=\"0\" allow=\"accelerometer; autoplay; clipboard-write; encrypted-media; gyroscope; picture-in-picture\" allowfullscreen><\/iframe>\n        <\/div>\n      <\/div>\n\n      <div class=\"item\">\n        <div class=\"embed-container 16by9\">\n          <iframe width=\"560\" height=\"315\" src=\"https:\/\/www.youtube.com\/embed\/LFIyHu7iZMg\" title=\"YouTube video player\" frameborder=\"0\" allow=\"accelerometer; autoplay; clipboard-write; encrypted-media; gyroscope; picture-in-picture\" allowfullscreen><\/iframe>\n        <\/div>\n      <\/div> -->\n      <div class=\"item\">\n        <div class=\"embed-container 16by9\">\n          <iframe width=\"560\" height=\"315\" src=\"https:\/\/www.youtube.com\/embed\/apXjlMgvxl8\" title=\"YouTube video player\" frameborder=\"0\" allow=\"accelerometer; autoplay; clipboard-write; encrypted-media; gyroscope; picture-in-picture\" allowfullscreen><\/iframe>\n        <\/div>\n      <\/div>\n    <\/div>\n  <\/div>\n<\/section>\n<div class=\"clear\">\u00a0<\/div>\n\n<style type=\"text\/css\">\n  button[type=\"submit\"]:disabled {\n    opacity: .5;\n    cursor: default !important;\n  }\n  .ohnohoney {\n    opacity: 0;\n    position: absolute;\n    top: 0;\n    left: 0;\n    height: 0;\n    width: 0;\n    z-index: -1;\n  }\n<\/style>\n\n\n\t<section class=\"form-contact\" id=\"sec-form\">\n\n\t\t\n\n\t\t<form  method=\"POST\">\n\t\t\t\n\t\t\t<fieldset>\n    \t\t\t\n    \t\t\t<legend><p class=\"text-align-center\">Interessiert? Treten Sie mit uns in Kontakt: <\/p><\/legend>\n\n\t\t\t\t<div class=\"form-contact__container\">\n\n\t\t\t\t\t<div class=\"grid-50\">\n\t\t\t\t\t\t<p>WOLLEN SIE UNS WAS MITTEILEN...<\/p>\n\t\t\t\t\t\t<label class=\"required\" for=\"inputelement\"><span>Name<\/span>\n\t\t\t\t\t\t\t<input type=\"text\" name=\"nombre\" placeholder=\"schreiben Sie Ihren Namen hier\" required>\n\t\t\t\t\t\t\t<p class=\"atten\">!<\/p>\n\t\t\t\t\t\t<\/label>\n\n\t\t\t\t\t\t<label class=\"required\"><span>Email\n<\/span>\n\t\t\t\t\t\t\t<input type=\"email\" name=\"email_secure\" placeholder=\"Ihre E-Mail\" required>\n\t\t\t\t\t\t\t<p class=\"atten\">!<\/p>\n\t\t\t\t\t\t<\/label>\n\n\t\t\t\t\t\t<label class=\"required\"><span>Telefon<\/span>\n\t\t\t\t\t\t\t<input type=\"text\" name=\"telefono\" placeholder=\"Ihre Telefonnummer\n\" required>\n\t\t\t\t\t\t\t<p class=\"atten\">!<\/p>\n\t\t\t\t\t\t<\/label>\n\t\t\t\t\t<\/div>\n\n\t\t\t\t\t<div class=\"grid-50\">\n\t\t\t\t\t\t<p>WOLLEN SIE UNS WAS MITTEILEN?<\/p>\n\t\t\t\t\t\t<label>\n\t\t\t\t\t\t\t<span>areatext<\/span>\n\t\t\t\t\t\t\t<textarea name=\"areatexto\"><\/textarea>\n\t\t\t\t\t\t<\/label>\n\n\t\t\t\t\t<\/div>\n\n\t\t\t\t\t<div class=\"grid-100 padding\">\n\t\t\t\t\t\t\n\t\t\t\t\t\t<p>* SAGEN SIE UNS WOHER SIE SCHREIBEN<\/p>\n\n\t\t\t\t\t\t<label><span>Stadt<\/span>\n\t\t\t\t\t\t\t<input type=\"text\" name=\"ciudad\" placeholder=\"geben Sie Ihre Stadt oder Dorf an\">\n\t\t\t\t\t\t<\/label>\n\n\t\t\t\t\t\t<label><span>Region<\/span>\n\t\t\t\t\t\t\t<input type=\"text\" name=\"provincia\" placeholder=\"und das Bundesland\">\n\t\t\t\t\t\t<\/label>\n\n\t\t\t\t\t\t<label class=\"required\"><span>Einwilligen<\/span>\n\n\t\t\t\t\t\t\t<input type=\"checkbox\" required name=\"acepto\">Ich stimme den <a href=\"https:\/\/goodshoot.es\/de\/aviso-legal\/\" target=\"_blank\">rechtlichen<\/a> und <a href=\"https:\/\/goodshoot.es\/de\/politica-privacidad\/\" target=\"_blank\">Datenschutzbestimmungen zu<\/a>\t\t\t\t\t\t\t<p class=\"atten\">!<\/p>\n\t\t\t\t\t\t<\/label>\n\n\n            <label class=\"ohnohoney\" for=\"email\"><\/label>\n            <input class=\"ohnohoney\" value=\"\" autocomplete=\"nope\" type=\"email\" id=\"email\" name=\"email\" placeholder=\"Your e-mail here\">\n\n\n\t\t\t\t\t\t<label class=\"send\"><span>Senden<\/span>\n\n\t\t\t\t\t\t\t<button disabled  type=\"submit\" id=\"submit\">Kontaktdaten zusenden<\/button>\n\t\t\t\t\t\t\n\t\t\t\t\t\t<\/label>\n\n\t\t\t\t\t<\/div>\n\n\n\n\t\t\t\t<\/div>\n\n\t\t\t<\/fieldset>\n\n\t\t<\/form>\n\n\n<\/section>\n<script>\n  var iTiemHab = 4000;\n  function habilitar() {\n    document.getElementById('submit').disabled = false;\n  }\n  setTimeout('habilitar()', iTiemHab);\n<\/script>\n<\/section>\n<p><\/p>","protected":false},"excerpt":{"rendered":"<p>Wissen Sie, warum Sie einen Goodshoot Schaft verwenden sollten? Wie oft verpassen wir den Schuss aufgrund einer schlechten Anpassung der Flinte an unseren K\u00f6rper? Wir wissen, dass unser K\u00f6rper, zus\u00e4tzlich zu den Ver\u00e4nderungen im Laufe der Jahre, einzigartig in seiner Form ist: Position der Augen und Wangenknochen im Gesicht, Abstand zwischen Hals und Schultern oder [&hellip;]<\/p>\n","protected":false},"author":1,"featured_media":0,"parent":0,"menu_order":1,"comment_status":"closed","ping_status":"closed","template":"","meta":{"_links_to":"","_links_to_target":""},"_links":{"self":[{"href":"https:\/\/goodshoot.es\/de\/wp-json\/wp\/v2\/pages\/5"}],"collection":[{"href":"https:\/\/goodshoot.es\/de\/wp-json\/wp\/v2\/pages"}],"about":[{"href":"https:\/\/goodshoot.es\/de\/wp-json\/wp\/v2\/types\/page"}],"author":[{"embeddable":true,"href":"https:\/\/goodshoot.es\/de\/wp-json\/wp\/v2\/users\/1"}],"replies":[{"embeddable":true,"href":"https:\/\/goodshoot.es\/de\/wp-json\/wp\/v2\/comments?post=5"}],"version-history":[{"count":55,"href":"https:\/\/goodshoot.es\/de\/wp-json\/wp\/v2\/pages\/5\/revisions"}],"predecessor-version":[{"id":951,"href":"https:\/\/goodshoot.es\/de\/wp-json\/wp\/v2\/pages\/5\/revisions\/951"}],"wp:attachment":[{"href":"https:\/\/goodshoot.es\/de\/wp-json\/wp\/v2\/media?parent=5"}],"curies":[{"name":"wp","href":"https:\/\/api.w.org\/{rel}","templated":true}]}}