{"id":3,"date":"2018-08-22T09:12:56","date_gmt":"2018-08-22T08:12:56","guid":{"rendered":"https:\/\/goodshoot.es\/?page_id=3"},"modified":"2022-12-07T12:45:42","modified_gmt":"2022-12-07T11:45:42","slug":"politica-privacidad","status":"publish","type":"page","link":"https:\/\/goodshoot.es\/de\/politica-privacidad\/","title":{"rendered":"Datenschutzerkl\u00e4rung"},"content":{"rendered":"<p class=\"qtranxs-available-languages-message qtranxs-available-languages-message-de\">Leider ist der Eintrag nur auf <a href=\"https:\/\/goodshoot.es\/es\/wp-json\/wp\/v2\/pages\/3\" class=\"qtranxs-available-language-link qtranxs-available-language-link-es\" title=\"Espa\u00f1ol\">Europ\u00e4isches Spanisch<\/a>, <a href=\"https:\/\/goodshoot.es\/en\/wp-json\/wp\/v2\/pages\/3\" class=\"qtranxs-available-language-link qtranxs-available-language-link-en\" title=\"English\">Britisches Englisch<\/a> und <a href=\"https:\/\/goodshoot.es\/fr\/wp-json\/wp\/v2\/pages\/3\" class=\"qtranxs-available-language-link qtranxs-available-language-link-fr\" title=\"Fran\u00e7ais\">Franz\u00f6sisch<\/a> verf\u00fcgbar.<\/p>","protected":false},"excerpt":{"rendered":"<p>Leider ist der Eintrag nur auf Europ\u00e4isches Spanisch, Britisches Englisch und Franz\u00f6sisch verf\u00fcgbar.<\/p>\n","protected":false},"author":1,"featured_media":0,"parent":0,"menu_order":24,"comment_status":"closed","ping_status":"closed","template":"legal.php","meta":{"_links_to":"","_links_to_target":""},"_links":{"self":[{"href":"https:\/\/goodshoot.es\/de\/wp-json\/wp\/v2\/pages\/3"}],"collection":[{"href":"https:\/\/goodshoot.es\/de\/wp-json\/wp\/v2\/pages"}],"about":[{"href":"https:\/\/goodshoot.es\/de\/wp-json\/wp\/v2\/types\/page"}],"author":[{"embeddable":true,"href":"https:\/\/goodshoot.es\/de\/wp-json\/wp\/v2\/users\/1"}],"replies":[{"embeddable":true,"href":"https:\/\/goodshoot.es\/de\/wp-json\/wp\/v2\/comments?post=3"}],"version-history":[{"count":28,"href":"https:\/\/goodshoot.es\/de\/wp-json\/wp\/v2\/pages\/3\/revisions"}],"predecessor-version":[{"id":960,"href":"https:\/\/goodshoot.es\/de\/wp-json\/wp\/v2\/pages\/3\/revisions\/960"}],"wp:attachment":[{"href":"https:\/\/goodshoot.es\/de\/wp-json\/wp\/v2\/media?parent=3"}],"curies":[{"name":"wp","href":"https:\/\/api.w.org\/{rel}","templated":true}]}}